{"id":1004,"date":"2025-09-23T22:25:27","date_gmt":"2025-09-24T04:25:27","guid":{"rendered":"https:\/\/sillerobregon.art\/?post_type=product&#038;p=1004"},"modified":"2025-11-17T20:49:19","modified_gmt":"2025-11-18T02:49:19","slug":"luchadores-oleo-tela-45x45-cm","status":"publish","type":"product","link":"https:\/\/sillerobregon.art\/en\/product\/luchadores-oleo-tela-45x45-cm\/","title":{"rendered":"\u00abWrestlers\u00bb Oil\/Canvas 45\u00d745 cm."},"content":{"rendered":"<p>&quot;Oil on canvas (2024). The power of color and abstract-figurative forms create a universe full of symbols and narratives. Faces, eyes, and a jaguar emerge from vibrant brushstrokes, evoking mythology, ancestral energy, and contemporary vitality. Each element invites contemplation and the discovery of new interpretations with every glance. A unique piece of contemporary Mexican art, ideal for collectors and lovers of intense and expressive works.&quot;<\/p>","protected":false},"excerpt":{"rendered":"<p>\u00abObra al \u00f3leo sobre tela (2024) La fuerza del color y las formas abstracto-figurativas crean un universo lleno de s\u00edmbolos y narrativas. Rostros, ojos y un jaguar emergen entre trazos vibrantes, evocando mitolog\u00eda, energ\u00eda ancestral y vitalidad contempor\u00e1nea. Cada elemento invita a la contemplaci\u00f3n y a descubrir nuevas lecturas en cada mirada. Una pieza \u00fanica [&hellip;]<\/p>","protected":false},"featured_media":1005,"comment_status":"open","ping_status":"closed","template":"","meta":[],"product_brand":[],"product_cat":[35],"product_tag":[73,90,77,59,51,58,68,60,67,69,86,79,76,70,85,82,78,87,64,81,62,80,84,61,71,75,74,57,56,63,72,65,66,83,88,89],"class_list":{"0":"post-1004","1":"product","2":"type-product","3":"status-publish","4":"has-post-thumbnail","6":"product_cat-abstracto-figurativo","7":"product_tag-73","8":"product_tag-2024-artwork","9":"product_tag-abstract-art","10":"product_tag-arte-abstracto","11":"product_tag-arte-abstracto-contemporaneo","12":"product_tag-arte-contemporaneo","13":"product_tag-arte-expresivo","14":"product_tag-arte-figurativo","15":"product_tag-arte-narrativo","16":"product_tag-arte-para-coleccionistas","17":"product_tag-collectible-art","18":"product_tag-colorful-artwork","19":"product_tag-contemporary-art","20":"product_tag-decoracion-de-interiores","21":"product_tag-expressive-art","22":"product_tag-faces","23":"product_tag-figurative-art","24":"product_tag-interior-decoration","25":"product_tag-jaguar","26":"product_tag-jaguar-art","27":"product_tag-mauricio-siller-obregon","28":"product_tag-mexican-art","29":"product_tag-narrative-art","30":"product_tag-obra-colorida","31":"product_tag-obra-unica","32":"product_tag-oil-on-canvas","33":"product_tag-oil-painting","34":"product_tag-oleo-sobre-tela","35":"product_tag-pintura-al-oleo","36":"product_tag-pintura-mexicana","37":"product_tag-pintura-vibrante","38":"product_tag-rostros","39":"product_tag-simbolismo","40":"product_tag-symbolism","41":"product_tag-unique-artwork","42":"product_tag-vibrant-painting","44":"first","45":"instock","46":"sold-individually","47":"taxable","48":"shipping-taxable","49":"purchasable","50":"product-type-simple"},"_links":{"self":[{"href":"https:\/\/sillerobregon.art\/en\/wp-json\/wp\/v2\/product\/1004","targetHints":{"allow":["GET"]}}],"collection":[{"href":"https:\/\/sillerobregon.art\/en\/wp-json\/wp\/v2\/product"}],"about":[{"href":"https:\/\/sillerobregon.art\/en\/wp-json\/wp\/v2\/types\/product"}],"replies":[{"embeddable":true,"href":"https:\/\/sillerobregon.art\/en\/wp-json\/wp\/v2\/comments?post=1004"}],"wp:featuredmedia":[{"embeddable":true,"href":"https:\/\/sillerobregon.art\/en\/wp-json\/wp\/v2\/media\/1005"}],"wp:attachment":[{"href":"https:\/\/sillerobregon.art\/en\/wp-json\/wp\/v2\/media?parent=1004"}],"wp:term":[{"taxonomy":"product_brand","embeddable":true,"href":"https:\/\/sillerobregon.art\/en\/wp-json\/wp\/v2\/product_brand?post=1004"},{"taxonomy":"product_cat","embeddable":true,"href":"https:\/\/sillerobregon.art\/en\/wp-json\/wp\/v2\/product_cat?post=1004"},{"taxonomy":"product_tag","embeddable":true,"href":"https:\/\/sillerobregon.art\/en\/wp-json\/wp\/v2\/product_tag?post=1004"}],"curies":[{"name":"wp","href":"https:\/\/api.w.org\/{rel}","templated":true}]}}