{"id":467,"date":"2025-04-29T17:54:28","date_gmt":"2025-04-29T23:54:28","guid":{"rendered":"https:\/\/sillerobregon.art\/product\/las-llaves-del-tiempo\/"},"modified":"2025-11-17T21:20:16","modified_gmt":"2025-11-18T03:20:16","slug":"las-llaves-del-tiempo","status":"publish","type":"product","link":"https:\/\/sillerobregon.art\/en\/product\/las-llaves-del-tiempo\/","title":{"rendered":"\u201cThe Keys of Time\u201d"},"content":{"rendered":"<p>Prototypical of the Neo-Mexicanism period are painted faces with pre-Hispanic influence, a character with a hat similar to those of the &quot;chinelos&quot; from the state of Morelos and other pictorial scenes to enjoy.<\/p>","protected":false},"excerpt":{"rendered":"<p>Protot\u00edpico del per\u00edodo del Neo- mexicanismo se encuentran pintadas, caras con influencia prehisp\u00e1nica, un personaje con un sombrero parecido a los de los \u201cchinelos\u201d del estado de Morelos y otros escenarios pictoricos por disfrutar.<\/p>","protected":false},"featured_media":537,"comment_status":"open","ping_status":"closed","template":"","meta":[],"product_brand":[],"product_cat":[34],"product_tag":[],"class_list":{"0":"post-467","1":"product","2":"type-product","3":"status-publish","4":"has-post-thumbnail","6":"product_cat-neo-mexicanismo","8":"first","9":"instock","10":"sale","11":"taxable","12":"shipping-taxable","13":"purchasable","14":"product-type-simple"},"_links":{"self":[{"href":"https:\/\/sillerobregon.art\/en\/wp-json\/wp\/v2\/product\/467","targetHints":{"allow":["GET"]}}],"collection":[{"href":"https:\/\/sillerobregon.art\/en\/wp-json\/wp\/v2\/product"}],"about":[{"href":"https:\/\/sillerobregon.art\/en\/wp-json\/wp\/v2\/types\/product"}],"replies":[{"embeddable":true,"href":"https:\/\/sillerobregon.art\/en\/wp-json\/wp\/v2\/comments?post=467"}],"wp:featuredmedia":[{"embeddable":true,"href":"https:\/\/sillerobregon.art\/en\/wp-json\/wp\/v2\/media\/537"}],"wp:attachment":[{"href":"https:\/\/sillerobregon.art\/en\/wp-json\/wp\/v2\/media?parent=467"}],"wp:term":[{"taxonomy":"product_brand","embeddable":true,"href":"https:\/\/sillerobregon.art\/en\/wp-json\/wp\/v2\/product_brand?post=467"},{"taxonomy":"product_cat","embeddable":true,"href":"https:\/\/sillerobregon.art\/en\/wp-json\/wp\/v2\/product_cat?post=467"},{"taxonomy":"product_tag","embeddable":true,"href":"https:\/\/sillerobregon.art\/en\/wp-json\/wp\/v2\/product_tag?post=467"}],"curies":[{"name":"wp","href":"https:\/\/api.w.org\/{rel}","templated":true}]}}