{"id":479,"date":"2025-04-29T17:54:30","date_gmt":"2025-04-29T23:54:30","guid":{"rendered":"https:\/\/sillerobregon.art\/product\/la-senal\/"},"modified":"2025-12-12T21:05:53","modified_gmt":"2025-12-13T03:05:53","slug":"la-senal","status":"publish","type":"product","link":"https:\/\/sillerobregon.art\/en\/product\/la-senal\/","title":{"rendered":"\u201cThe signal\u201d"},"content":{"rendered":"<p><b>Figurative Elements:<\/b> Subtle figurative references can be seen, such as a <b>eye<\/b> A central figure that seems to be observing, red lips that add a touch of mystery, and shapes that evoke plants, radiant suns, and drops of water or tears. The large upper element, similar to a sun or a multi-pointed star, acts as the main focus, radiating movement throughout the scene.<\/p>\n<p>Oil on Canvas<\/p>\n<p data-path-to-node=\"5\"><b>Ideal for collectors looking for pieces full of life, color and a fascinating balance between pure abstraction and hidden iconography.<\/b><\/p>","protected":false},"excerpt":{"rendered":"<p>Elementos Figurativos: Se aprecian sutiles referencias figurativas, como un ojo central que parece observar, labios rojos que a\u00f1aden un toque de misterio, y formas que evocan plantas, soles radiantes y gotas de agua o l\u00e1grimas. El gran elemento superior, similar a un sol o una estrella de m\u00faltiples puntas, act\u00faa como el foco principal, irradiando [&hellip;]<\/p>","protected":false},"featured_media":525,"comment_status":"open","ping_status":"closed","template":"","meta":[],"product_brand":[],"product_cat":[35],"product_tag":[],"class_list":{"0":"post-479","1":"product","2":"type-product","3":"status-publish","4":"has-post-thumbnail","6":"product_cat-abstracto-figurativo","8":"first","9":"instock","10":"sale","11":"taxable","12":"shipping-taxable","13":"purchasable","14":"product-type-simple"},"_links":{"self":[{"href":"https:\/\/sillerobregon.art\/en\/wp-json\/wp\/v2\/product\/479","targetHints":{"allow":["GET"]}}],"collection":[{"href":"https:\/\/sillerobregon.art\/en\/wp-json\/wp\/v2\/product"}],"about":[{"href":"https:\/\/sillerobregon.art\/en\/wp-json\/wp\/v2\/types\/product"}],"replies":[{"embeddable":true,"href":"https:\/\/sillerobregon.art\/en\/wp-json\/wp\/v2\/comments?post=479"}],"wp:featuredmedia":[{"embeddable":true,"href":"https:\/\/sillerobregon.art\/en\/wp-json\/wp\/v2\/media\/525"}],"wp:attachment":[{"href":"https:\/\/sillerobregon.art\/en\/wp-json\/wp\/v2\/media?parent=479"}],"wp:term":[{"taxonomy":"product_brand","embeddable":true,"href":"https:\/\/sillerobregon.art\/en\/wp-json\/wp\/v2\/product_brand?post=479"},{"taxonomy":"product_cat","embeddable":true,"href":"https:\/\/sillerobregon.art\/en\/wp-json\/wp\/v2\/product_cat?post=479"},{"taxonomy":"product_tag","embeddable":true,"href":"https:\/\/sillerobregon.art\/en\/wp-json\/wp\/v2\/product_tag?post=479"}],"curies":[{"name":"wp","href":"https:\/\/api.w.org\/{rel}","templated":true}]}}