{"id":922,"date":"2025-08-13T12:37:18","date_gmt":"2025-08-13T18:37:18","guid":{"rendered":"https:\/\/sillerobregon.art\/?post_type=product&#038;p=922"},"modified":"2025-10-17T20:59:17","modified_gmt":"2025-10-18T02:59:17","slug":"dimension-secreta","status":"publish","type":"product","link":"https:\/\/sillerobregon.art\/en\/product\/dimension-secreta\/","title":{"rendered":"\u00abSecret Dimension\u00bb"},"content":{"rendered":"<p>\u201cIn this work, I depict a dialogue between the cosmos and humankind. The hands represent portals, symbols of connection and searching, while the open eye in the center is the consciousness that observes beyond the visible. The vibrant colors and moving forms evoke energy, light, and duality, inviting the viewer to discover their own reflection in the universe.\u201d<\/p>","protected":false},"excerpt":{"rendered":"<p>\u201cEn esta obra plasmo un di\u00e1logo entre el cosmos y el ser humano. Las manos representan portales, s\u00edmbolos de conexi\u00f3n y b\u00fasqueda, mientras que el ojo abierto al centro es la conciencia que observa m\u00e1s all\u00e1 de lo visible. Los colores vibrantes y las formas en movimiento evocan energ\u00eda, luz y dualidad, invitando al espectador [&hellip;]<\/p>","protected":false},"featured_media":924,"comment_status":"open","ping_status":"closed","template":"","meta":[],"product_brand":[],"product_cat":[35],"product_tag":[],"class_list":{"0":"post-922","1":"product","2":"type-product","3":"status-publish","4":"has-post-thumbnail","6":"product_cat-abstracto-figurativo","8":"first","9":"instock","10":"sold-individually","11":"taxable","12":"shipping-taxable","13":"purchasable","14":"product-type-simple"},"_links":{"self":[{"href":"https:\/\/sillerobregon.art\/en\/wp-json\/wp\/v2\/product\/922","targetHints":{"allow":["GET"]}}],"collection":[{"href":"https:\/\/sillerobregon.art\/en\/wp-json\/wp\/v2\/product"}],"about":[{"href":"https:\/\/sillerobregon.art\/en\/wp-json\/wp\/v2\/types\/product"}],"replies":[{"embeddable":true,"href":"https:\/\/sillerobregon.art\/en\/wp-json\/wp\/v2\/comments?post=922"}],"wp:featuredmedia":[{"embeddable":true,"href":"https:\/\/sillerobregon.art\/en\/wp-json\/wp\/v2\/media\/924"}],"wp:attachment":[{"href":"https:\/\/sillerobregon.art\/en\/wp-json\/wp\/v2\/media?parent=922"}],"wp:term":[{"taxonomy":"product_brand","embeddable":true,"href":"https:\/\/sillerobregon.art\/en\/wp-json\/wp\/v2\/product_brand?post=922"},{"taxonomy":"product_cat","embeddable":true,"href":"https:\/\/sillerobregon.art\/en\/wp-json\/wp\/v2\/product_cat?post=922"},{"taxonomy":"product_tag","embeddable":true,"href":"https:\/\/sillerobregon.art\/en\/wp-json\/wp\/v2\/product_tag?post=922"}],"curies":[{"name":"wp","href":"https:\/\/api.w.org\/{rel}","templated":true}]}}