{"id":996,"date":"2025-09-23T21:58:01","date_gmt":"2025-09-24T03:58:01","guid":{"rendered":"https:\/\/sillerobregon.art\/?post_type=product&#038;p=996"},"modified":"2025-11-17T20:50:57","modified_gmt":"2025-11-18T02:50:57","slug":"pasion-oleo-tela-50x50-cm","status":"publish","type":"product","link":"https:\/\/sillerobregon.art\/en\/product\/pasion-oleo-tela-50x50-cm\/","title":{"rendered":"\u201cPassion\u201d Oil on Canvas 50\u00d750 cm."},"content":{"rendered":"<p>&quot;Abstract oil painting on canvas (2024), with a circular signature, unique in that it can be placed in any orientation, according to the viewer&#039;s perception and taste. This piece, with its vibrant colors and dynamic forms, offers multiple visual interpretations and adapts to different spaces, adding versatility and personality to the decor. Ideal for collectors and lovers of contemporary art seeking an original, playful, and transformative work.&quot;<\/p>","protected":false},"excerpt":{"rendered":"<p>\u00abObra abstracta al \u00f3leo sobre tela (2024),\u00a0 con firma circular, \u00fanico que permite colocarla en cualquier orientaci\u00f3n, seg\u00fan la percepci\u00f3n y gusto del espectador. Esta pieza de vibrantes colores y formas din\u00e1micas ofrece m\u00faltiples lecturas visuales y se adapta a distintos espacios, aportando versatilidad y personalidad a la decoraci\u00f3n. Ideal para coleccionistas y amantes del [&hellip;]<\/p>","protected":false},"featured_media":997,"comment_status":"open","ping_status":"closed","template":"","meta":[],"product_brand":[],"product_cat":[54],"product_tag":[],"class_list":{"0":"post-996","1":"product","2":"type-product","3":"status-publish","4":"has-post-thumbnail","6":"product_cat-abstracto","8":"first","9":"instock","10":"sale","11":"sold-individually","12":"taxable","13":"shipping-taxable","14":"purchasable","15":"product-type-simple"},"_links":{"self":[{"href":"https:\/\/sillerobregon.art\/en\/wp-json\/wp\/v2\/product\/996","targetHints":{"allow":["GET"]}}],"collection":[{"href":"https:\/\/sillerobregon.art\/en\/wp-json\/wp\/v2\/product"}],"about":[{"href":"https:\/\/sillerobregon.art\/en\/wp-json\/wp\/v2\/types\/product"}],"replies":[{"embeddable":true,"href":"https:\/\/sillerobregon.art\/en\/wp-json\/wp\/v2\/comments?post=996"}],"wp:featuredmedia":[{"embeddable":true,"href":"https:\/\/sillerobregon.art\/en\/wp-json\/wp\/v2\/media\/997"}],"wp:attachment":[{"href":"https:\/\/sillerobregon.art\/en\/wp-json\/wp\/v2\/media?parent=996"}],"wp:term":[{"taxonomy":"product_brand","embeddable":true,"href":"https:\/\/sillerobregon.art\/en\/wp-json\/wp\/v2\/product_brand?post=996"},{"taxonomy":"product_cat","embeddable":true,"href":"https:\/\/sillerobregon.art\/en\/wp-json\/wp\/v2\/product_cat?post=996"},{"taxonomy":"product_tag","embeddable":true,"href":"https:\/\/sillerobregon.art\/en\/wp-json\/wp\/v2\/product_tag?post=996"}],"curies":[{"name":"wp","href":"https:\/\/api.w.org\/{rel}","templated":true}]}}