{"id":999,"date":"2025-09-23T22:08:57","date_gmt":"2025-09-24T04:08:57","guid":{"rendered":"https:\/\/sillerobregon.art\/?post_type=product&#038;p=999"},"modified":"2025-11-17T20:50:11","modified_gmt":"2025-11-18T02:50:11","slug":"lunada-oleo-tela-20x25-cm","status":"publish","type":"product","link":"https:\/\/sillerobregon.art\/en\/product\/lunada-oleo-tela-20x25-cm\/","title":{"rendered":"\u201cOpen Horizons\u201d Oil on Canvas 20\u00d725 cm."},"content":{"rendered":"<p>&quot;Abstract oil painting on canvas (2024), with a circular signature that allows it to be placed in any orientation, according to the viewer&#039;s perception and taste. The dynamic strokes and intense colors evoke movement and vitality, inviting the discovery of multiple interpretations. Its versatility and playful character make it a unique piece of contemporary Mexican art, ideal for collectors and lovers of decor with personality.&quot;<\/p>","protected":false},"excerpt":{"rendered":"<p>\u00abObra abstracta al \u00f3leo sobre tela (2024), firma circular que permite colocarla en cualquier orientaci\u00f3n, seg\u00fan la percepci\u00f3n y gusto del espectador. Los trazos din\u00e1micos y los colores intensos evocan movimiento y vitalidad, invitando a descubrir m\u00faltiples interpretaciones. Su versatilidad y car\u00e1cter l\u00fadico la convierten en una pieza \u00fanica del arte contempor\u00e1neo mexicano, ideal para [&hellip;]<\/p>","protected":false},"featured_media":1000,"comment_status":"open","ping_status":"closed","template":"","meta":[],"product_brand":[],"product_cat":[54],"product_tag":[],"class_list":{"0":"post-999","1":"product","2":"type-product","3":"status-publish","4":"has-post-thumbnail","6":"product_cat-abstracto","8":"first","9":"instock","10":"sale","11":"sold-individually","12":"taxable","13":"shipping-taxable","14":"purchasable","15":"product-type-simple"},"_links":{"self":[{"href":"https:\/\/sillerobregon.art\/en\/wp-json\/wp\/v2\/product\/999","targetHints":{"allow":["GET"]}}],"collection":[{"href":"https:\/\/sillerobregon.art\/en\/wp-json\/wp\/v2\/product"}],"about":[{"href":"https:\/\/sillerobregon.art\/en\/wp-json\/wp\/v2\/types\/product"}],"replies":[{"embeddable":true,"href":"https:\/\/sillerobregon.art\/en\/wp-json\/wp\/v2\/comments?post=999"}],"wp:featuredmedia":[{"embeddable":true,"href":"https:\/\/sillerobregon.art\/en\/wp-json\/wp\/v2\/media\/1000"}],"wp:attachment":[{"href":"https:\/\/sillerobregon.art\/en\/wp-json\/wp\/v2\/media?parent=999"}],"wp:term":[{"taxonomy":"product_brand","embeddable":true,"href":"https:\/\/sillerobregon.art\/en\/wp-json\/wp\/v2\/product_brand?post=999"},{"taxonomy":"product_cat","embeddable":true,"href":"https:\/\/sillerobregon.art\/en\/wp-json\/wp\/v2\/product_cat?post=999"},{"taxonomy":"product_tag","embeddable":true,"href":"https:\/\/sillerobregon.art\/en\/wp-json\/wp\/v2\/product_tag?post=999"}],"curies":[{"name":"wp","href":"https:\/\/api.w.org\/{rel}","templated":true}]}}