{"id":103,"date":"2025-07-17T17:07:21","date_gmt":"2025-07-17T23:07:21","guid":{"rendered":"https:\/\/sillerobregon.art\/?page_id=103"},"modified":"2025-07-17T17:14:42","modified_gmt":"2025-07-17T23:14:42","slug":"refund_returns","status":"publish","type":"page","link":"https:\/\/sillerobregon.art\/fr\/refund_returns\/","title":{"rendered":"Politique de retour et de remboursement"},"content":{"rendered":"<style>.elementor-103 .elementor-element.elementor-element-52a1ee1c{--display:flex;}<\/style>\t\t<div data-elementor-type=\"wp-page\" data-elementor-id=\"103\" class=\"elementor elementor-103\" data-elementor-post-type=\"page\">\n\t\t\t\t<div class=\"elementor-element elementor-element-52a1ee1c e-flex e-con-boxed e-con e-parent\" data-id=\"52a1ee1c\" data-element_type=\"container\">\n\t\t\t\t\t<div class=\"e-con-inner\">\n\t\t\t\t<div class=\"elementor-element elementor-element-419c07ef elementor-widget elementor-widget-text-editor\" data-id=\"419c07ef\" data-element_type=\"widget\" data-widget_type=\"text-editor.default\">\n\t\t\t\t<div class=\"elementor-widget-container\">\n\t\t\t\t\t\t\t\t\t<p><\/p>\n<h4 data-start=\"196\" data-end=\"232\">Conditions de retour :<\/h4>\n<ol data-start=\"233\" data-end=\"397\">\n<li data-start=\"233\" data-end=\"291\">\n<p data-start=\"236\" data-end=\"291\">L&#039;\u0153uvre doit \u00eatre dans son \u00e9tat d&#039;origine et non endommag\u00e9e.<\/p>\n<\/li>\n<li data-start=\"292\" data-end=\"397\">\n<p data-start=\"295\" data-end=\"397\">Le retour doit \u00eatre effectu\u00e9 dans les 15 jours calendaires suivant la r\u00e9ception du produit.<\/p>\n<\/li>\n<\/ol>\n<h4 data-start=\"399\" data-end=\"426\">Processus de retour :<\/h4>\n<ol data-start=\"427\" data-end=\"714\">\n<li data-start=\"427\" data-end=\"565\">\n<p data-start=\"430\" data-end=\"565\">Envoyer un email \u00e0 : <strong data-start=\"461\" data-end=\"502\">contact@sillerobregon.art<\/strong>&nbsp;indiquant le titre de l&#039;\u0153uvre et le motif du retour.<\/p>\n<\/li>\n<li data-start=\"566\" data-end=\"643\">\n<p data-start=\"569\" data-end=\"643\">Vous recevrez des instructions d\u00e9taill\u00e9es pour retourner le produit.<\/p>\n<\/li>\n<li data-start=\"644\" data-end=\"714\">\n<p data-start=\"647\" data-end=\"714\">Une fois l&#039;\u0153uvre re\u00e7ue, le processus de remboursement commencera.<\/p>\n<\/li>\n<\/ol>\n<h4 data-start=\"716\" data-end=\"731\">Remboursement:<\/h4>\n<ol data-start=\"732\" data-end=\"930\">\n<li data-start=\"732\" data-end=\"819\">\n<p data-start=\"735\" data-end=\"819\">Le remboursement sera effectu\u00e9 en utilisant le m\u00eame moyen de paiement utilis\u00e9 pour l&#039;achat.<\/p>\n<\/li>\n<li data-start=\"820\" data-end=\"930\">\n<p data-start=\"823\" data-end=\"930\">Le remboursement sera trait\u00e9 dans un d\u00e9lai de 1 \u00e0 3 jours ouvrables apr\u00e8s r\u00e9ception du produit retourn\u00e9.<\/p>\n<\/li>\n<\/ol>\n<h4 data-start=\"932\" data-end=\"949\">Exceptions :<\/h4>\n<ol data-start=\"950\" data-end=\"1088\">\n<li data-start=\"950\" data-end=\"1031\">\n<p data-start=\"953\" data-end=\"1031\">Les \u0153uvres personnalis\u00e9es ou r\u00e9alis\u00e9es sur mesure ne sont pas \u00e9ligibles aux retours.<\/p>\n<\/li>\n<li data-start=\"1032\" data-end=\"1088\">\n<p data-start=\"1035\" data-end=\"1088\">Les \u0153uvres endommag\u00e9es ne seront pas accept\u00e9es en retour.<\/p>\n<\/li>\n<\/ol>\n<h4 data-start=\"1090\" data-end=\"1104\">Contact:<\/h4>\n<p data-start=\"1105\" data-end=\"1277\">Si vous avez des questions ou des pr\u00e9occupations concernant notre politique de retour et de remboursement, n&#039;h\u00e9sitez pas \u00e0 nous contacter.<br data-start=\"1217\" data-end=\"1220\">Nous nous effor\u00e7ons de garantir que votre \u0153uvre d\u2019art arrive en toute s\u00e9curit\u00e9 et \u00e0 temps.<\/p>\n<p><\/p>\t\t\t\t\t\t\t\t<\/div>\n\t\t\t\t<\/div>\n\t\t\t\t\t<\/div>\n\t\t\t\t<\/div>\n\t\t\t\t<\/div>","protected":false},"excerpt":{"rendered":"<p>Condiciones para la devoluci\u00f3n: La obra debe estar en su estado original y sin da\u00f1os. La devoluci\u00f3n debe realizarse dentro de los 15 d\u00edas naturales posteriores a la recepci\u00f3n del producto. Proceso de devoluci\u00f3n: Env\u00eda un correo electr\u00f3nico a: contacto@sillerobregon.art&nbsp;indicando el t\u00edtulo de la obra y el motivo de la devoluci\u00f3n. Recibir\u00e1s instrucciones detalladas para [&hellip;]<\/p>","protected":false},"author":1,"featured_media":0,"parent":0,"menu_order":0,"comment_status":"closed","ping_status":"closed","template":"","meta":{"footnotes":""},"class_list":["post-103","page","type-page","status-publish","hentry"],"_links":{"self":[{"href":"https:\/\/sillerobregon.art\/fr\/wp-json\/wp\/v2\/pages\/103","targetHints":{"allow":["GET"]}}],"collection":[{"href":"https:\/\/sillerobregon.art\/fr\/wp-json\/wp\/v2\/pages"}],"about":[{"href":"https:\/\/sillerobregon.art\/fr\/wp-json\/wp\/v2\/types\/page"}],"author":[{"embeddable":true,"href":"https:\/\/sillerobregon.art\/fr\/wp-json\/wp\/v2\/users\/1"}],"replies":[{"embeddable":true,"href":"https:\/\/sillerobregon.art\/fr\/wp-json\/wp\/v2\/comments?post=103"}],"version-history":[{"count":7,"href":"https:\/\/sillerobregon.art\/fr\/wp-json\/wp\/v2\/pages\/103\/revisions"}],"predecessor-version":[{"id":803,"href":"https:\/\/sillerobregon.art\/fr\/wp-json\/wp\/v2\/pages\/103\/revisions\/803"}],"wp:attachment":[{"href":"https:\/\/sillerobregon.art\/fr\/wp-json\/wp\/v2\/media?parent=103"}],"curies":[{"name":"wp","href":"https:\/\/api.w.org\/{rel}","templated":true}]}}