{"id":3,"date":"2025-02-07T02:11:48","date_gmt":"2025-02-07T02:11:48","guid":{"rendered":"https:\/\/sillerobregon.art\/?page_id=3"},"modified":"2025-07-17T17:04:54","modified_gmt":"2025-07-17T23:04:54","slug":"politica-privacidad","status":"publish","type":"page","link":"https:\/\/sillerobregon.art\/fr\/politica-privacidad\/","title":{"rendered":"politique de confidentialit\u00e9"},"content":{"rendered":"<style>.elementor-3 .elementor-element.elementor-element-3a3d54ad{--display:flex;}<\/style>\t\t<div data-elementor-type=\"wp-page\" data-elementor-id=\"3\" class=\"elementor elementor-3\" data-elementor-post-type=\"page\">\n\t\t\t\t<div class=\"elementor-element elementor-element-3a3d54ad e-flex e-con-boxed e-con e-parent\" data-id=\"3a3d54ad\" data-element_type=\"container\">\n\t\t\t\t\t<div class=\"e-con-inner\">\n\t\t\t\t<div class=\"elementor-element elementor-element-e8cb89a elementor-widget elementor-widget-text-editor\" data-id=\"e8cb89a\" data-element_type=\"widget\" data-widget_type=\"text-editor.default\">\n\t\t\t\t<div class=\"elementor-widget-container\">\n\t\t\t\t\t\t\t\t\t<p><span data-sheets-root=\"1\">Nous nous engageons \u00e0 prot\u00e9ger votre vie priv\u00e9e et \u00e0 assurer la s\u00e9curit\u00e9 de vos donn\u00e9es personnelles. Cette politique de confidentialit\u00e9 explique comment nous collectons, utilisons et prot\u00e9geons les informations que vous fournissez lorsque vous visitez ou effectuez un achat sur notre boutique en ligne.<\/span><\/p>\t\t\t\t\t\t\t\t<\/div>\n\t\t\t\t<\/div>\n\t\t\t\t\t<\/div>\n\t\t\t\t<\/div>\n\t\t\t\t<\/div>","protected":false},"excerpt":{"rendered":"<p>Nous nous engageons \u00e0 prot\u00e9ger votre vie priv\u00e9e et \u00e0 assurer la s\u00e9curit\u00e9 de vos donn\u00e9es personnelles. Cette politique de confidentialit\u00e9 explique comment nous collectons, utilisons et prot\u00e9geons les informations que vous fournissez lorsque vous visitez ou effectuez un achat sur notre boutique en ligne.<\/p>","protected":false},"author":1,"featured_media":0,"parent":0,"menu_order":0,"comment_status":"closed","ping_status":"open","template":"","meta":{"footnotes":""},"class_list":["post-3","page","type-page","status-publish","hentry"],"_links":{"self":[{"href":"https:\/\/sillerobregon.art\/fr\/wp-json\/wp\/v2\/pages\/3","targetHints":{"allow":["GET"]}}],"collection":[{"href":"https:\/\/sillerobregon.art\/fr\/wp-json\/wp\/v2\/pages"}],"about":[{"href":"https:\/\/sillerobregon.art\/fr\/wp-json\/wp\/v2\/types\/page"}],"author":[{"embeddable":true,"href":"https:\/\/sillerobregon.art\/fr\/wp-json\/wp\/v2\/users\/1"}],"replies":[{"embeddable":true,"href":"https:\/\/sillerobregon.art\/fr\/wp-json\/wp\/v2\/comments?post=3"}],"version-history":[{"count":3,"href":"https:\/\/sillerobregon.art\/fr\/wp-json\/wp\/v2\/pages\/3\/revisions"}],"predecessor-version":[{"id":788,"href":"https:\/\/sillerobregon.art\/fr\/wp-json\/wp\/v2\/pages\/3\/revisions\/788"}],"wp:attachment":[{"href":"https:\/\/sillerobregon.art\/fr\/wp-json\/wp\/v2\/media?parent=3"}],"curies":[{"name":"wp","href":"https:\/\/api.w.org\/{rel}","templated":true}]}}