{"id":795,"date":"2025-07-17T17:10:07","date_gmt":"2025-07-17T23:10:07","guid":{"rendered":"https:\/\/sillerobregon.art\/?page_id=795"},"modified":"2025-07-17T17:11:36","modified_gmt":"2025-07-17T23:11:36","slug":"politica-de-envio","status":"publish","type":"page","link":"https:\/\/sillerobregon.art\/fr\/politica-de-envio\/","title":{"rendered":"Politique d&#039;exp\u00e9dition"},"content":{"rendered":"<style>.elementor-795 .elementor-element.elementor-element-52a1ee1c{--display:flex;}<\/style>\t\t<div data-elementor-type=\"wp-page\" data-elementor-id=\"795\" class=\"elementor elementor-795\" data-elementor-post-type=\"page\">\n\t\t\t\t<div class=\"elementor-element elementor-element-52a1ee1c e-flex e-con-boxed e-con e-parent\" data-id=\"52a1ee1c\" data-element_type=\"container\">\n\t\t\t\t\t<div class=\"e-con-inner\">\n\t\t\t\t<div class=\"elementor-element elementor-element-419c07ef elementor-widget elementor-widget-text-editor\" data-id=\"419c07ef\" data-element_type=\"widget\" data-widget_type=\"text-editor.default\">\n\t\t\t\t<div class=\"elementor-widget-container\">\n\t\t\t\t\t\t\t\t\t<h3 data-start=\"86\" data-end=\"107\">Nous nous effor\u00e7ons de garantir que votre \u0153uvre d\u2019art arrive en toute s\u00e9curit\u00e9 et \u00e0 temps.<\/h3>\n<h4 data-start=\"168\" data-end=\"202\"><strong data-start=\"173\" data-end=\"202\">D\u00e9lais de traitement :<\/strong><\/h4>\n<ul data-start=\"203\" data-end=\"269\">\n<li data-start=\"203\" data-end=\"269\">\n<p data-start=\"205\" data-end=\"269\"><strong data-start=\"205\" data-end=\"224\">\u0152uvres en stock :<\/strong> Ils sont exp\u00e9di\u00e9s sous 1 \u00e0 2 jours ouvr\u00e9s.<\/p>\n<\/li>\n<\/ul>\n<h4 data-start=\"271\" data-end=\"307\"><strong data-start=\"276\" data-end=\"307\">Options et frais d&#039;exp\u00e9dition :<\/strong><\/h4>\n<ul data-start=\"308\" data-end=\"413\">\n<li data-start=\"308\" data-end=\"362\">\n<p data-start=\"310\" data-end=\"362\">Les co\u00fbts varient en fonction de la taille, du poids et de l&#039;emplacement.<\/p>\n<\/li>\n<li data-start=\"363\" data-end=\"413\">\n<p data-start=\"365\" data-end=\"413\">Tous les envois incluent un num\u00e9ro de suivi.<\/p>\n<\/li>\n<\/ul>\n<p data-start=\"415\" data-end=\"428\"><strong data-start=\"415\" data-end=\"428\">Options :<\/strong><\/p>\n<ul data-start=\"429\" data-end=\"535\">\n<li data-start=\"429\" data-end=\"473\">\n<p data-start=\"431\" data-end=\"473\"><strong data-start=\"431\" data-end=\"450\">Exp\u00e9dition standard :<\/strong> 5 \u00e0 10 jours ouvrables.<\/p>\n<\/li>\n<li data-start=\"474\" data-end=\"535\">\n<p data-start=\"476\" data-end=\"535\"><strong data-start=\"476\" data-end=\"493\">Exp\u00e9dition express :<\/strong> 2 \u00e0 4 jours ouvrables (co\u00fbt suppl\u00e9mentaire).<\/p>\n<\/li>\n<\/ul>\n<h4 data-start=\"537\" data-end=\"568\"><strong data-start=\"542\" data-end=\"568\">Emballage sp\u00e9cialis\u00e9 :<\/strong><\/h4>\n<p data-start=\"569\" data-end=\"648\">Nous emballons chaque pi\u00e8ce avec un soin extr\u00eame pour la prot\u00e9ger pendant l&#039;exp\u00e9dition.<\/p>\n<h4 data-start=\"650\" data-end=\"682\"><strong data-start=\"655\" data-end=\"682\">Exp\u00e9dition internationale :<\/strong><\/h4>\n<p data-start=\"683\" data-end=\"803\">Nous exp\u00e9dions dans plusieurs pays.<br data-start=\"717\" data-end=\"720\" \/><em data-start=\"720\" data-end=\"727\">Note:<\/em> Les droits et taxes d&#039;importation sont \u00e0 la charge de l&#039;acheteur.<\/p>\n<h4 data-start=\"805\" data-end=\"832\"><strong data-start=\"810\" data-end=\"832\">Dommages dus \u00e0 l&#039;exp\u00e9dition :<\/strong><\/h4>\n<p data-start=\"833\" data-end=\"985\">Si votre \u0153uvre arrive endommag\u00e9e, veuillez nous contacter dans les 48 heures suivant la livraison en envoyant des photos \u00e0 : <strong data-start=\"945\" data-end=\"984\">contact@sillerobregon.art<\/strong>.<\/p>\n<p><!-- \/wp:paragraph --><\/p>\t\t\t\t\t\t\t\t<\/div>\n\t\t\t\t<\/div>\n\t\t\t\t\t<\/div>\n\t\t\t\t<\/div>\n\t\t\t\t<\/div>","protected":false},"excerpt":{"rendered":"<p>Nos esforzamos para que tu arte llegue seguro y a tiempo. Tiempos de procesamiento: Obras en stock: Se env\u00edan en un plazo de 1 a 2 d\u00edas h\u00e1biles. Opciones y costos de env\u00edo: Los costos var\u00edan seg\u00fan el tama\u00f1o, peso y ubicaci\u00f3n. Todos los env\u00edos incluyen n\u00famero de seguimiento. Opciones: Env\u00edo est\u00e1ndar: 5 a 10 [&hellip;]<\/p>","protected":false},"author":1,"featured_media":0,"parent":0,"menu_order":0,"comment_status":"closed","ping_status":"closed","template":"","meta":{"footnotes":""},"class_list":["post-795","page","type-page","status-publish","hentry"],"_links":{"self":[{"href":"https:\/\/sillerobregon.art\/fr\/wp-json\/wp\/v2\/pages\/795","targetHints":{"allow":["GET"]}}],"collection":[{"href":"https:\/\/sillerobregon.art\/fr\/wp-json\/wp\/v2\/pages"}],"about":[{"href":"https:\/\/sillerobregon.art\/fr\/wp-json\/wp\/v2\/types\/page"}],"author":[{"embeddable":true,"href":"https:\/\/sillerobregon.art\/fr\/wp-json\/wp\/v2\/users\/1"}],"replies":[{"embeddable":true,"href":"https:\/\/sillerobregon.art\/fr\/wp-json\/wp\/v2\/comments?post=795"}],"version-history":[{"count":3,"href":"https:\/\/sillerobregon.art\/fr\/wp-json\/wp\/v2\/pages\/795\/revisions"}],"predecessor-version":[{"id":798,"href":"https:\/\/sillerobregon.art\/fr\/wp-json\/wp\/v2\/pages\/795\/revisions\/798"}],"wp:attachment":[{"href":"https:\/\/sillerobregon.art\/fr\/wp-json\/wp\/v2\/media?parent=795"}],"curies":[{"name":"wp","href":"https:\/\/api.w.org\/{rel}","templated":true}]}}