{"id":799,"date":"2025-07-17T17:13:38","date_gmt":"2025-07-17T23:13:38","guid":{"rendered":"https:\/\/sillerobregon.art\/?page_id=799"},"modified":"2025-07-17T17:14:16","modified_gmt":"2025-07-17T23:14:16","slug":"terminos-y-condiciones","status":"publish","type":"page","link":"https:\/\/sillerobregon.art\/fr\/terminos-y-condiciones\/","title":{"rendered":"Termes et conditions"},"content":{"rendered":"<style>.elementor-799 .elementor-element.elementor-element-52a1ee1c{--display:flex;}<\/style>\t\t<div data-elementor-type=\"wp-page\" data-elementor-id=\"799\" class=\"elementor elementor-799\" data-elementor-post-type=\"page\">\n\t\t\t\t<div class=\"elementor-element elementor-element-52a1ee1c e-flex e-con-boxed e-con e-parent\" data-id=\"52a1ee1c\" data-element_type=\"container\">\n\t\t\t\t\t<div class=\"e-con-inner\">\n\t\t\t\t<div class=\"elementor-element elementor-element-419c07ef elementor-widget elementor-widget-text-editor\" data-id=\"419c07ef\" data-element_type=\"widget\" data-widget_type=\"text-editor.default\">\n\t\t\t\t<div class=\"elementor-widget-container\">\n\t\t\t\t\t\t\t\t\t<p data-start=\"151\" data-end=\"427\">Tout le contenu pr\u00e9sent sur ce site Web, y compris, mais sans s&#039;y limiter, les images, le texte, les logos, les graphiques, les vid\u00e9os et la conception g\u00e9n\u00e9rale, est la propri\u00e9t\u00e9 de <strong data-start=\"307\" data-end=\"337\">Mauricio I. Siller Obreg\u00f3n<\/strong> et est prot\u00e9g\u00e9 par les lois applicables en mati\u00e8re de droit d\u2019auteur et de propri\u00e9t\u00e9 intellectuelle.<\/p>\n<p data-start=\"429\" data-end=\"726\">L&#039;utilisation, la reproduction, la distribution ou la modification de tout contenu sans l&#039;autorisation \u00e9crite expresse du propri\u00e9taire sont strictement interdites. L&#039;achat d&#039;une \u0153uvre d&#039;art <strong data-start=\"614\" data-end=\"694\">n&#039;implique pas le transfert de droits d&#039;auteur ou de droits de reproduction<\/strong>, car ceux-ci g\u00e9n\u00e8rent des redevances.<\/p>\n<p data-start=\"728\" data-end=\"983\">Nous nous effor\u00e7ons de repr\u00e9senter chaque \u0153uvre aussi fid\u00e8lement que possible. Cependant, les images peuvent pr\u00e9senter de l\u00e9g\u00e8res variations de couleur ou de d\u00e9tails dues aux param\u00e8tres d&#039;affichage, \u00e0 l&#039;\u00e9clairage ou \u00e0 d&#039;autres facteurs ind\u00e9pendants de notre volont\u00e9.<\/p>\n<p><!-- \/wp:paragraph --><\/p>\t\t\t\t\t\t\t\t<\/div>\n\t\t\t\t<\/div>\n\t\t\t\t\t<\/div>\n\t\t\t\t<\/div>\n\t\t\t\t<\/div>","protected":false},"excerpt":{"rendered":"<p>Todo el contenido presente en este sitio web, incluyendo pero no limitado a im\u00e1genes, textos, logotipos, gr\u00e1ficos, videos y dise\u00f1o general, es propiedad de Mauricio I. Siller Obreg\u00f3n y est\u00e1 protegido por las leyes de derechos de autor y propiedad intelectual aplicables. Queda estrictamente prohibido el uso, reproducci\u00f3n, distribuci\u00f3n o modificaci\u00f3n de cualquier contenido sin [&hellip;]<\/p>","protected":false},"author":1,"featured_media":0,"parent":0,"menu_order":0,"comment_status":"closed","ping_status":"closed","template":"","meta":{"footnotes":""},"class_list":["post-799","page","type-page","status-publish","hentry"],"_links":{"self":[{"href":"https:\/\/sillerobregon.art\/fr\/wp-json\/wp\/v2\/pages\/799","targetHints":{"allow":["GET"]}}],"collection":[{"href":"https:\/\/sillerobregon.art\/fr\/wp-json\/wp\/v2\/pages"}],"about":[{"href":"https:\/\/sillerobregon.art\/fr\/wp-json\/wp\/v2\/types\/page"}],"author":[{"embeddable":true,"href":"https:\/\/sillerobregon.art\/fr\/wp-json\/wp\/v2\/users\/1"}],"replies":[{"embeddable":true,"href":"https:\/\/sillerobregon.art\/fr\/wp-json\/wp\/v2\/comments?post=799"}],"version-history":[{"count":3,"href":"https:\/\/sillerobregon.art\/fr\/wp-json\/wp\/v2\/pages\/799\/revisions"}],"predecessor-version":[{"id":802,"href":"https:\/\/sillerobregon.art\/fr\/wp-json\/wp\/v2\/pages\/799\/revisions\/802"}],"wp:attachment":[{"href":"https:\/\/sillerobregon.art\/fr\/wp-json\/wp\/v2\/media?parent=799"}],"curies":[{"name":"wp","href":"https:\/\/api.w.org\/{rel}","templated":true}]}}