{"id":1007,"date":"2025-09-23T22:34:00","date_gmt":"2025-09-24T04:34:00","guid":{"rendered":"https:\/\/sillerobregon.art\/?post_type=product&#038;p=1007"},"modified":"2025-11-17T20:48:33","modified_gmt":"2025-11-18T02:48:33","slug":"acercamiento-oleo-tela-40x50","status":"publish","type":"product","link":"https:\/\/sillerobregon.art\/fr\/product\/acercamiento-oleo-tela-40x50\/","title":{"rendered":"&quot;Gros plan&quot; Huile\/Toile 40x50"},"content":{"rendered":"<p>De multiples visages s&#039;entrem\u00ealent dans une mosa\u00efque de couleurs, d&#039;expressivit\u00e9 et de symbolisme. L&#039;\u0153uvre refl\u00e8te la richesse de la diversit\u00e9 humaine et animale, int\u00e9grant des regards intenses, des gestes \u00e9nergiques et des \u00e9l\u00e9ments hybrides qui invitent le spectateur \u00e0 d\u00e9couvrir de nouvelles histoires dans chaque d\u00e9tail. D&#039;un style vibrant et \u00e9nergique, cette pi\u00e8ce unique t\u00e9moigne de la force de l&#039;art mexicain contemporain et constitue un point de mire id\u00e9al pour les collectionneurs et les amateurs d&#039;art abstrait-figuratif.<\/p>","protected":false},"excerpt":{"rendered":"<p>M\u00faltiples rostros se entrelazan en un mosaico de color, expresividad y simbolismo. La obra refleja la riqueza de la diversidad humana y animal, integrando miradas intensas, gestos en\u00e9rgicos y elementos h\u00edbridos que invitan al espectador a descubrir nuevas historias en cada detalle. Con un estilo vibrante y lleno de vitalidad, esta pieza \u00fanica representa la [&hellip;]<\/p>","protected":false},"featured_media":1008,"comment_status":"open","ping_status":"closed","template":"","meta":[],"product_brand":[],"product_cat":[35],"product_tag":[92,91,58,68,60,67,69,70,93,62,61,71,57,56,63,72,65,66],"class_list":{"0":"post-1007","1":"product","2":"type-product","3":"status-publish","4":"has-post-thumbnail","6":"product_cat-abstracto-figurativo","7":"product_tag-animales","8":"product_tag-arte-abstracto-figurativo","9":"product_tag-arte-contemporaneo","10":"product_tag-arte-expresivo","11":"product_tag-arte-figurativo","12":"product_tag-arte-narrativo","13":"product_tag-arte-para-coleccionistas","14":"product_tag-decoracion-de-interiores","15":"product_tag-diversidad","16":"product_tag-mauricio-siller-obregon","17":"product_tag-obra-colorida","18":"product_tag-obra-unica","19":"product_tag-oleo-sobre-tela","20":"product_tag-pintura-al-oleo","21":"product_tag-pintura-mexicana","22":"product_tag-pintura-vibrante","23":"product_tag-rostros","24":"product_tag-simbolismo","26":"first","27":"instock","28":"sale","29":"sold-individually","30":"taxable","31":"shipping-taxable","32":"purchasable","33":"product-type-simple"},"_links":{"self":[{"href":"https:\/\/sillerobregon.art\/fr\/wp-json\/wp\/v2\/product\/1007","targetHints":{"allow":["GET"]}}],"collection":[{"href":"https:\/\/sillerobregon.art\/fr\/wp-json\/wp\/v2\/product"}],"about":[{"href":"https:\/\/sillerobregon.art\/fr\/wp-json\/wp\/v2\/types\/product"}],"replies":[{"embeddable":true,"href":"https:\/\/sillerobregon.art\/fr\/wp-json\/wp\/v2\/comments?post=1007"}],"wp:featuredmedia":[{"embeddable":true,"href":"https:\/\/sillerobregon.art\/fr\/wp-json\/wp\/v2\/media\/1008"}],"wp:attachment":[{"href":"https:\/\/sillerobregon.art\/fr\/wp-json\/wp\/v2\/media?parent=1007"}],"wp:term":[{"taxonomy":"product_brand","embeddable":true,"href":"https:\/\/sillerobregon.art\/fr\/wp-json\/wp\/v2\/product_brand?post=1007"},{"taxonomy":"product_cat","embeddable":true,"href":"https:\/\/sillerobregon.art\/fr\/wp-json\/wp\/v2\/product_cat?post=1007"},{"taxonomy":"product_tag","embeddable":true,"href":"https:\/\/sillerobregon.art\/fr\/wp-json\/wp\/v2\/product_tag?post=1007"}],"curies":[{"name":"wp","href":"https:\/\/api.w.org\/{rel}","templated":true}]}}