{"id":1012,"date":"2025-10-03T21:37:56","date_gmt":"2025-10-04T03:37:56","guid":{"rendered":"https:\/\/sillerobregon.art\/?post_type=product&#038;p=1012"},"modified":"2025-10-04T22:18:55","modified_gmt":"2025-10-05T04:18:55","slug":"panoleta-de-chifon-sazon-arte-de-mauricio-siller-obregon-100x50-cm","status":"publish","type":"product","link":"https:\/\/sillerobregon.art\/fr\/product\/panoleta-de-chifon-sazon-arte-de-mauricio-siller-obregon-100x50-cm\/","title":{"rendered":"\u00c9charpe en mousseline de soie \u00ab Saz\u00f3n \u00bb \u2013 Art de Mauricio Siller Obreg\u00f3n 100\u00d750 cm"},"content":{"rendered":"<p>D\u00e9couvrez l&#039;\u00e9l\u00e9gance artistique de <strong data-start=\"180\" data-end=\"200\">\u00c9charpe \u00ab Saz\u00f3n \u00bb<\/strong>, fabriqu\u00e9 en mat\u00e9riaux fins <strong data-start=\"220\" data-end=\"235\">tissu mousseline<\/strong> avec un motif inspir\u00e9 de l&#039;\u0153uvre originale \u00e0 l&#039;huile sur toile de l&#039;artiste <strong data-start=\"311\" data-end=\"338\">Mauricio Siller Obreg\u00f3n<\/strong>Chaque touche de couleur refl\u00e8te l&#039;\u00e9nergie, le mouvement et la passion de l&#039;art abstrait contemporain.<br data-start=\"439\" data-end=\"442\" data-is-only-node=\"\" \/>Sa taille <strong data-start=\"455\" data-end=\"470\">100 x 50 cm<\/strong> C&#039;est un accessoire polyvalent\u00a0: portez-le autour du cou, dans les cheveux ou comme d\u00e9tail sur votre sac. L\u00e9ger, color\u00e9 et unique, ce foulard allie mode et art.<\/p>","protected":false},"excerpt":{"rendered":"<p>Descubre la elegancia art\u00edstica de la pa\u00f1oleta \u201cSaz\u00f3n\u201d, elaborada en fina tela chif\u00f3n con un dise\u00f1o inspirado en la obra original al \u00f3leo sobre tela del artista Mauricio Siller Obreg\u00f3n. Cada trazo de color refleja la energ\u00eda, el movimiento y la pasi\u00f3n del arte abstracto contempor\u00e1neo.Su tama\u00f1o de 100 x 50 cm la convierte en [&hellip;]<\/p>","protected":false},"featured_media":1013,"comment_status":"open","ping_status":"closed","template":"","meta":[],"product_brand":[],"product_cat":[94],"product_tag":[98,108,59,51,58,107,96,106,97,103,102,105,95,62,101,109,100,110,99,56,104],"class_list":{"0":"post-1012","1":"product","2":"type-product","3":"status-publish","4":"has-post-thumbnail","6":"product_cat-moda","7":"product_tag-accesorio-de-moda","8":"product_tag-accesorios-de-autor","9":"product_tag-arte-abstracto","10":"product_tag-arte-abstracto-contemporaneo","11":"product_tag-arte-contemporaneo","12":"product_tag-arte-en-tela","13":"product_tag-chifon","14":"product_tag-coleccion-sazon","15":"product_tag-diseno-artistico","16":"product_tag-estilo-elegante","17":"product_tag-hecho-en-mexico","18":"product_tag-inspiracion-artistica","19":"product_tag-mascada","20":"product_tag-mauricio-siller-obregon","21":"product_tag-moda-mexicana","22":"product_tag-moda-y-arte","23":"product_tag-obra-de-arte","24":"product_tag-panoleta","25":"product_tag-panuelo-colorido","26":"product_tag-pintura-al-oleo","27":"product_tag-regalo-para-mujer","29":"first","30":"instock","31":"sold-individually","32":"taxable","33":"shipping-taxable","34":"purchasable","35":"product-type-simple"},"_links":{"self":[{"href":"https:\/\/sillerobregon.art\/fr\/wp-json\/wp\/v2\/product\/1012","targetHints":{"allow":["GET"]}}],"collection":[{"href":"https:\/\/sillerobregon.art\/fr\/wp-json\/wp\/v2\/product"}],"about":[{"href":"https:\/\/sillerobregon.art\/fr\/wp-json\/wp\/v2\/types\/product"}],"replies":[{"embeddable":true,"href":"https:\/\/sillerobregon.art\/fr\/wp-json\/wp\/v2\/comments?post=1012"}],"wp:featuredmedia":[{"embeddable":true,"href":"https:\/\/sillerobregon.art\/fr\/wp-json\/wp\/v2\/media\/1013"}],"wp:attachment":[{"href":"https:\/\/sillerobregon.art\/fr\/wp-json\/wp\/v2\/media?parent=1012"}],"wp:term":[{"taxonomy":"product_brand","embeddable":true,"href":"https:\/\/sillerobregon.art\/fr\/wp-json\/wp\/v2\/product_brand?post=1012"},{"taxonomy":"product_cat","embeddable":true,"href":"https:\/\/sillerobregon.art\/fr\/wp-json\/wp\/v2\/product_cat?post=1012"},{"taxonomy":"product_tag","embeddable":true,"href":"https:\/\/sillerobregon.art\/fr\/wp-json\/wp\/v2\/product_tag?post=1012"}],"curies":[{"name":"wp","href":"https:\/\/api.w.org\/{rel}","templated":true}]}}