{"id":1021,"date":"2025-10-04T20:53:12","date_gmt":"2025-10-05T02:53:12","guid":{"rendered":"https:\/\/sillerobregon.art\/?post_type=product&#038;p=1021"},"modified":"2025-11-17T20:47:12","modified_gmt":"2025-11-18T02:47:12","slug":"energia-primordial-acrilico-barnizado-82x42-cm","status":"publish","type":"product","link":"https:\/\/sillerobregon.art\/fr\/product\/energia-primordial-acrilico-barnizado-82x42-cm\/","title":{"rendered":"\u00ab \u00c9nergie Primordiale \u00bb Acrylique Vernis 82\u00d742 Cm."},"content":{"rendered":"<p data-start=\"228\" data-end=\"404\">Une explosion de couleurs et de mouvements qui m\u00eale formes organiques et \u00e9nergie abstraite. Cette \u0153uvre originale invite le spectateur \u00e0 d\u00e9couvrir de nouvelles figures et \u00e9motions \u00e0 chaque regard.<\/p>","protected":false},"excerpt":{"rendered":"<p>Une explosion de couleurs et de mouvements qui m\u00eale formes organiques et \u00e9nergie abstraite. Cette \u0153uvre originale invite le spectateur \u00e0 d\u00e9couvrir de nouvelles figures et \u00e9motions \u00e0 chaque regard.<\/p>","protected":false},"featured_media":1022,"comment_status":"open","ping_status":"closed","template":"","meta":[],"product_brand":[],"product_cat":[55],"product_tag":[],"class_list":{"0":"post-1021","1":"product","2":"type-product","3":"status-publish","4":"has-post-thumbnail","6":"product_cat-acrilico","8":"first","9":"instock","10":"sale","11":"sold-individually","12":"taxable","13":"shipping-taxable","14":"purchasable","15":"product-type-simple"},"_links":{"self":[{"href":"https:\/\/sillerobregon.art\/fr\/wp-json\/wp\/v2\/product\/1021","targetHints":{"allow":["GET"]}}],"collection":[{"href":"https:\/\/sillerobregon.art\/fr\/wp-json\/wp\/v2\/product"}],"about":[{"href":"https:\/\/sillerobregon.art\/fr\/wp-json\/wp\/v2\/types\/product"}],"replies":[{"embeddable":true,"href":"https:\/\/sillerobregon.art\/fr\/wp-json\/wp\/v2\/comments?post=1021"}],"wp:featuredmedia":[{"embeddable":true,"href":"https:\/\/sillerobregon.art\/fr\/wp-json\/wp\/v2\/media\/1022"}],"wp:attachment":[{"href":"https:\/\/sillerobregon.art\/fr\/wp-json\/wp\/v2\/media?parent=1021"}],"wp:term":[{"taxonomy":"product_brand","embeddable":true,"href":"https:\/\/sillerobregon.art\/fr\/wp-json\/wp\/v2\/product_brand?post=1021"},{"taxonomy":"product_cat","embeddable":true,"href":"https:\/\/sillerobregon.art\/fr\/wp-json\/wp\/v2\/product_cat?post=1021"},{"taxonomy":"product_tag","embeddable":true,"href":"https:\/\/sillerobregon.art\/fr\/wp-json\/wp\/v2\/product_tag?post=1021"}],"curies":[{"name":"wp","href":"https:\/\/api.w.org\/{rel}","templated":true}]}}