{"id":1029,"date":"2025-10-04T22:16:05","date_gmt":"2025-10-05T04:16:05","guid":{"rendered":"https:\/\/sillerobregon.art\/?post_type=product&#038;p=1029"},"modified":"2025-10-04T22:16:07","modified_gmt":"2025-10-05T04:16:07","slug":"panoleta-de-chifon-energia-primordial-arte-de-mauricio-siller-obregon-100x50-cm","status":"publish","type":"product","link":"https:\/\/sillerobregon.art\/fr\/product\/panoleta-de-chifon-energia-primordial-arte-de-mauricio-siller-obregon-100x50-cm\/","title":{"rendered":"Foulard en mousseline de soie \u00ab \u00c9nergie Primordiale \u00bb \u2013 Art de Mauricio Siller Obreg\u00f3n 100x50 cm"},"content":{"rendered":"<p>L\u2019\u00e9charpe \u00ab \u00c9nergie primordiale \u00bb, bas\u00e9e sur une \u0153uvre originale de Mauricio Siller Obreg\u00f3n, fusionne art contemporain et mode en une pi\u00e8ce unique.<br \/>\nSon design vibrant et abstrait refl\u00e8te le lien entre l&#039;\u00e9nergie cosmique et l&#039;essence humaine, avec une composition de formes dynamiques et de couleurs intenses qui transmettent vitalit\u00e9 et \u00e9quilibre.<\/p>\n<p>Confectionn\u00e9e en mousseline l\u00e9g\u00e8re et douce, cette \u00e9charpe offre un drap\u00e9 \u00e9l\u00e9gant et polyvalent, parfait \u00e0 porter autour du cou, dans les cheveux ou comme accessoire de sac \u00e0 main.<br \/>\nChaque pi\u00e8ce fait partie d&#039;une collection inspir\u00e9e des peintures de l&#039;artiste, transform\u00e9es en accessoires en \u00e9dition limit\u00e9e.<\/p>\n<p>\ud83d\udccf D\u00e9tails techniques\u00a0:<br \/>\nConception : \u00c9nergie Primordiale<br \/>\nMati\u00e8re : mousseline<br \/>\nDimensions : 100 x 50 cm<br \/>\nInspiration : \u0152uvre originale de Mauricio Siller Obreg\u00f3n<br \/>\nFabriqu\u00e9 au Mexique<\/p>","protected":false},"excerpt":{"rendered":"<p>La Pa\u00f1oleta \u201cEnerg\u00eda Primordial\u201d, basada en una obra original de Mauricio Siller Obreg\u00f3n, fusiona arte contempor\u00e1neo y moda en una pieza \u00fanica. Su dise\u00f1o vibrante y abstracto refleja la conexi\u00f3n entre la energ\u00eda c\u00f3smica y la esencia humana, con una composici\u00f3n de formas din\u00e1micas y colores intensos que transmiten vitalidad y equilibrio. Elaborada con tela [&hellip;]<\/p>","protected":false},"featured_media":1027,"comment_status":"open","ping_status":"closed","template":"","meta":[],"product_brand":[],"product_cat":[94],"product_tag":[129,98,113,125,58,107,115,123,130,133,121,116,127,76,126,117,120,118,122,131,134,111,62,128,101,132,112,99,114,119,124],"class_list":{"0":"post-1029","1":"product","2":"type-product","3":"status-publish","4":"has-post-thumbnail","6":"product_cat-moda","7":"product_tag-abstract-art-fashion","8":"product_tag-accesorio-de-moda","9":"product_tag-accesorios-con-arte","10":"product_tag-art-scarf","11":"product_tag-arte-contemporaneo","12":"product_tag-arte-en-tela","13":"product_tag-arte-portatil","14":"product_tag-arte-y-estilo","15":"product_tag-artistic-accessories","16":"product_tag-artistic-gift","17":"product_tag-coleccion-artistica","18":"product_tag-colores-vibrantes","19":"product_tag-colorful-scarf","20":"product_tag-contemporary-art","21":"product_tag-designer-scarf","22":"product_tag-diseno-abstracto","23":"product_tag-edicion-limitada","24":"product_tag-estilo-moderno","25":"product_tag-inspiracion-pictorica","26":"product_tag-limited-edition","27":"product_tag-luxury-scarf","28":"product_tag-mascada-artistica","29":"product_tag-mauricio-siller-obregon","30":"product_tag-mexican-artist-scarf","31":"product_tag-moda-mexicana","32":"product_tag-modern-design","33":"product_tag-panoleta-de-diseno","34":"product_tag-panuelo-colorido","35":"product_tag-regalo-elegante","36":"product_tag-scarf-mujer","37":"product_tag-wearable-art","39":"first","40":"instock","41":"sold-individually","42":"taxable","43":"shipping-taxable","44":"purchasable","45":"product-type-simple"},"_links":{"self":[{"href":"https:\/\/sillerobregon.art\/fr\/wp-json\/wp\/v2\/product\/1029","targetHints":{"allow":["GET"]}}],"collection":[{"href":"https:\/\/sillerobregon.art\/fr\/wp-json\/wp\/v2\/product"}],"about":[{"href":"https:\/\/sillerobregon.art\/fr\/wp-json\/wp\/v2\/types\/product"}],"replies":[{"embeddable":true,"href":"https:\/\/sillerobregon.art\/fr\/wp-json\/wp\/v2\/comments?post=1029"}],"wp:featuredmedia":[{"embeddable":true,"href":"https:\/\/sillerobregon.art\/fr\/wp-json\/wp\/v2\/media\/1027"}],"wp:attachment":[{"href":"https:\/\/sillerobregon.art\/fr\/wp-json\/wp\/v2\/media?parent=1029"}],"wp:term":[{"taxonomy":"product_brand","embeddable":true,"href":"https:\/\/sillerobregon.art\/fr\/wp-json\/wp\/v2\/product_brand?post=1029"},{"taxonomy":"product_cat","embeddable":true,"href":"https:\/\/sillerobregon.art\/fr\/wp-json\/wp\/v2\/product_cat?post=1029"},{"taxonomy":"product_tag","embeddable":true,"href":"https:\/\/sillerobregon.art\/fr\/wp-json\/wp\/v2\/product_tag?post=1029"}],"curies":[{"name":"wp","href":"https:\/\/api.w.org\/{rel}","templated":true}]}}