{"id":1060,"date":"2025-11-03T21:00:05","date_gmt":"2025-11-04T03:00:05","guid":{"rendered":"https:\/\/sillerobregon.art\/?post_type=product&#038;p=1060"},"modified":"2025-11-03T22:16:42","modified_gmt":"2025-11-04T04:16:42","slug":"panoleta-selvatica-en-chifon-inspirada-en-la-obra-de-mauricio-siller-obregon-120-x-40-cm","status":"publish","type":"product","link":"https:\/\/sillerobregon.art\/fr\/product\/panoleta-selvatica-en-chifon-inspirada-en-la-obra-de-mauricio-siller-obregon-120-x-40-cm\/","title":{"rendered":"\u00c9charpe en mousseline \u00ab Jungle \u00bb \u2013 Inspir\u00e9e par l&#039;\u0153uvre de Mauricio Siller Obreg\u00f3n (120 x 40 cm)"},"content":{"rendered":"<p data-start=\"117\" data-end=\"422\">Le foulard <em data-start=\"154\" data-end=\"167\">&quot;Jungle&quot;<\/em> Inspir\u00e9e de l&#039;\u0153uvre originale de Mauricio Siller Obreg\u00f3n, cette pi\u00e8ce d\u00e9borde de vie, de couleurs et d&#039;\u00e9nergie naturelle. Confectionn\u00e9e en mousseline fine, elle se distingue par sa texture l\u00e9g\u00e8re et douce au toucher, ainsi que par son mouvement d\u00e9licat qui conf\u00e8re une \u00e9l\u00e9gance particuli\u00e8re \u00e0 chaque utilisation.<\/p>\n<p data-start=\"424\" data-end=\"724\">Gr\u00e2ce \u00e0 un imprim\u00e9 de haute qualit\u00e9, les couleurs \u00e9clatantes de l&#039;\u0153uvre restent fid\u00e8les \u00e0 la toile originale, faisant de cette \u00e9charpe une fusion d&#039;art et de mode. Sa taille est de <strong data-start=\"609\" data-end=\"627\">120 cm x 40 cm<\/strong> Cela le rend polyvalent : utilisez-le comme accessoire pour le cou, comme accessoire pour les cheveux ou comme d\u00e9tail sur un sac.<\/p>\n<p data-start=\"726\" data-end=\"838\">Chaque pi\u00e8ce fait partie d&#039;une collection exclusive qui c\u00e9l\u00e8bre la cr\u00e9ativit\u00e9 et l&#039;art mexicain contemporain.<\/p>","protected":false},"excerpt":{"rendered":"<p>La pa\u00f1oleta \u201cSelv\u00e1tica\u201d est\u00e1 inspirada en la obra original de Mauricio Siller Obreg\u00f3n, una pieza llena de vida, color y energ\u00eda natural. Elaborada en fina tela chif\u00f3n, destaca por su textura ligera, suave al tacto y con un delicado movimiento que aporta elegancia en cada uso. Con un dise\u00f1o impreso de alta calidad, los colores [&hellip;]<\/p>","protected":false},"featured_media":1061,"comment_status":"open","ping_status":"closed","template":"","meta":[],"product_brand":[],"product_cat":[94],"product_tag":[],"class_list":{"0":"post-1060","1":"product","2":"type-product","3":"status-publish","4":"has-post-thumbnail","6":"product_cat-moda","8":"first","9":"instock","10":"sold-individually","11":"taxable","12":"shipping-taxable","13":"purchasable","14":"product-type-simple"},"_links":{"self":[{"href":"https:\/\/sillerobregon.art\/fr\/wp-json\/wp\/v2\/product\/1060","targetHints":{"allow":["GET"]}}],"collection":[{"href":"https:\/\/sillerobregon.art\/fr\/wp-json\/wp\/v2\/product"}],"about":[{"href":"https:\/\/sillerobregon.art\/fr\/wp-json\/wp\/v2\/types\/product"}],"replies":[{"embeddable":true,"href":"https:\/\/sillerobregon.art\/fr\/wp-json\/wp\/v2\/comments?post=1060"}],"wp:featuredmedia":[{"embeddable":true,"href":"https:\/\/sillerobregon.art\/fr\/wp-json\/wp\/v2\/media\/1061"}],"wp:attachment":[{"href":"https:\/\/sillerobregon.art\/fr\/wp-json\/wp\/v2\/media?parent=1060"}],"wp:term":[{"taxonomy":"product_brand","embeddable":true,"href":"https:\/\/sillerobregon.art\/fr\/wp-json\/wp\/v2\/product_brand?post=1060"},{"taxonomy":"product_cat","embeddable":true,"href":"https:\/\/sillerobregon.art\/fr\/wp-json\/wp\/v2\/product_cat?post=1060"},{"taxonomy":"product_tag","embeddable":true,"href":"https:\/\/sillerobregon.art\/fr\/wp-json\/wp\/v2\/product_tag?post=1060"}],"curies":[{"name":"wp","href":"https:\/\/api.w.org\/{rel}","templated":true}]}}