{"id":1065,"date":"2025-11-03T21:48:59","date_gmt":"2025-11-04T03:48:59","guid":{"rendered":"https:\/\/sillerobregon.art\/?post_type=product&#038;p=1065"},"modified":"2025-11-03T22:25:21","modified_gmt":"2025-11-04T04:25:21","slug":"panoleta-igneo-en-chifon-inspirada-en-la-obra-de-mauricio-siller-obregon-120-x-40-cm","status":"publish","type":"product","link":"https:\/\/sillerobregon.art\/fr\/product\/panoleta-igneo-en-chifon-inspirada-en-la-obra-de-mauricio-siller-obregon-120-x-40-cm\/","title":{"rendered":"\u00c9charpe en mousseline \u00ab Ign\u00e9e \u00bb \u2013 Inspir\u00e9e par l&#039;\u0153uvre de Mauricio Siller Obreg\u00f3n (120 x 40 cm)"},"content":{"rendered":"<p data-start=\"83\" data-end=\"318\">Le foulard <em data-start=\"120\" data-end=\"129\">&quot;Ign\u00e9&quot;<\/em> Elle s&#039;inspire de l&#039;\u0153uvre originale de Mauricio Siller Obreg\u00f3n, une cr\u00e9ation qui transmet la force, le mouvement et l&#039;\u00e9nergie du feu \u00e0 travers ses tons intenses et ses contrastes vibrants.<\/p>\n<p data-start=\"320\" data-end=\"621\">Fabriqu\u00e9 en tissu <strong data-start=\"342\" data-end=\"352\">mousseline de soie<\/strong>Elle se distingue par sa texture l\u00e9g\u00e8re, translucide et \u00e9l\u00e9gante, id\u00e9ale pour apporter une touche artistique et raffin\u00e9e \u00e0 tous les styles. Le motif imprim\u00e9 reproduit fid\u00e8lement les nuances de la peinture \u00e0 l&#039;huile originale, cr\u00e9ant ainsi une pi\u00e8ce unique qui allie art contemporain et mode.<\/p>\n<p data-start=\"623\" data-end=\"778\">Leurs mesures de <strong data-start=\"638\" data-end=\"656\">120 cm x 40 cm<\/strong> Elles permettent de les utiliser de multiples fa\u00e7ons\u00a0: comme accessoire pour le cou, comme accessoire pour les cheveux ou comme d\u00e9tail d\u00e9coratif sur un sac.<\/p>\n<p data-start=\"780\" data-end=\"915\">Chaque foulard fait partie d&#039;une collection exclusive qui c\u00e9l\u00e8bre l&#039;\u0153uvre de Mauricio Siller Obreg\u00f3n et qui transporte l&#039;art au-del\u00e0 de la toile.<\/p>","protected":false},"excerpt":{"rendered":"<p>L&#039;\u00e9charpe \u00ab \u00cdgneo \u00bb s&#039;inspire de l&#039;\u0153uvre originale de Mauricio Siller Obreg\u00f3n, une cr\u00e9ation qui exprime la force, le mouvement et l&#039;\u00e9nergie du feu \u00e0 travers ses tons intenses et ses contrastes vibrants. Confectionn\u00e9e en mousseline, elle se distingue par sa texture l\u00e9g\u00e8re, translucide et \u00e9l\u00e9gante, id\u00e9ale pour apporter une touche artistique et sophistiqu\u00e9e \u00e0 toutes vos tenues.<\/p>","protected":false},"featured_media":1066,"comment_status":"open","ping_status":"closed","template":"","meta":[],"product_brand":[],"product_cat":[94],"product_tag":[],"class_list":{"0":"post-1065","1":"product","2":"type-product","3":"status-publish","4":"has-post-thumbnail","6":"product_cat-moda","8":"first","9":"instock","10":"sold-individually","11":"taxable","12":"shipping-taxable","13":"purchasable","14":"product-type-simple"},"_links":{"self":[{"href":"https:\/\/sillerobregon.art\/fr\/wp-json\/wp\/v2\/product\/1065","targetHints":{"allow":["GET"]}}],"collection":[{"href":"https:\/\/sillerobregon.art\/fr\/wp-json\/wp\/v2\/product"}],"about":[{"href":"https:\/\/sillerobregon.art\/fr\/wp-json\/wp\/v2\/types\/product"}],"replies":[{"embeddable":true,"href":"https:\/\/sillerobregon.art\/fr\/wp-json\/wp\/v2\/comments?post=1065"}],"wp:featuredmedia":[{"embeddable":true,"href":"https:\/\/sillerobregon.art\/fr\/wp-json\/wp\/v2\/media\/1066"}],"wp:attachment":[{"href":"https:\/\/sillerobregon.art\/fr\/wp-json\/wp\/v2\/media?parent=1065"}],"wp:term":[{"taxonomy":"product_brand","embeddable":true,"href":"https:\/\/sillerobregon.art\/fr\/wp-json\/wp\/v2\/product_brand?post=1065"},{"taxonomy":"product_cat","embeddable":true,"href":"https:\/\/sillerobregon.art\/fr\/wp-json\/wp\/v2\/product_cat?post=1065"},{"taxonomy":"product_tag","embeddable":true,"href":"https:\/\/sillerobregon.art\/fr\/wp-json\/wp\/v2\/product_tag?post=1065"}],"curies":[{"name":"wp","href":"https:\/\/api.w.org\/{rel}","templated":true}]}}