{"id":1079,"date":"2025-11-16T17:55:06","date_gmt":"2025-11-16T23:55:06","guid":{"rendered":"https:\/\/sillerobregon.art\/?post_type=product&#038;p=1079"},"modified":"2025-11-17T20:44:37","modified_gmt":"2025-11-18T02:44:37","slug":"para-un-buen-sazon-oleo-tela-70-x-90-cm","status":"publish","type":"product","link":"https:\/\/sillerobregon.art\/fr\/product\/para-un-buen-sazon-oleo-tela-70-x-90-cm\/","title":{"rendered":"&quot;Pour un bon assaisonnement&quot;. Huile sur toile 70 x 90 cm."},"content":{"rendered":"","protected":false},"excerpt":{"rendered":"<h2>Nature morte aux couleurs vibrantes et aux saveurs exotiques<\/h2>\n<p>&nbsp;<\/p>\n<p data-path-to-node=\"2\"><b>Une explosion de couleurs et de textures, c\u00e9l\u00e9brant la richesse de la cuisine et de la culture.<\/b> Cette nature morte \u00e9clatante m\u00eale des \u00e9l\u00e9ments traditionnels \u00e0 un style pop art unique.<\/p>\n<hr data-path-to-node=\"3\" \/>\n<p data-path-to-node=\"4\"><b>Caract\u00e9ristiques:<\/b><\/p>\n<ul data-path-to-node=\"5\">\n<li>\n<p data-path-to-node=\"5,0,0\"><b>Technique:<\/b> Huile sur toile<\/p>\n<\/li>\n<li>\n<p data-path-to-node=\"5,1,0\"><b>Style:<\/b> Art abstrait\/cubiste\/pop avec influence folklorique.<\/p>\n<\/li>\n<li>\n<p data-path-to-node=\"5,2,0\"><b>Id\u00e9al pour :<\/b> Collectionneurs d&#039;art et amateurs d&#039;\u0153uvres qui insufflent \u00e9nergie et vie \u00e0 n&#039;importe quel espace.<\/p>\n<\/li>\n<\/ul>\n<hr data-path-to-node=\"6\" \/>\n<p data-path-to-node=\"7\"><b>Ajoutez cette pi\u00e8ce unique et savoureuse \u00e0 votre collection !<\/b><\/p>","protected":false},"featured_media":1080,"comment_status":"open","ping_status":"closed","template":"","meta":[],"product_brand":[],"product_cat":[38],"product_tag":[],"class_list":{"0":"post-1079","1":"product","2":"type-product","3":"status-publish","4":"has-post-thumbnail","6":"product_cat-bodegon","8":"first","9":"instock","10":"sold-individually","11":"taxable","12":"shipping-taxable","13":"purchasable","14":"product-type-simple"},"_links":{"self":[{"href":"https:\/\/sillerobregon.art\/fr\/wp-json\/wp\/v2\/product\/1079","targetHints":{"allow":["GET"]}}],"collection":[{"href":"https:\/\/sillerobregon.art\/fr\/wp-json\/wp\/v2\/product"}],"about":[{"href":"https:\/\/sillerobregon.art\/fr\/wp-json\/wp\/v2\/types\/product"}],"replies":[{"embeddable":true,"href":"https:\/\/sillerobregon.art\/fr\/wp-json\/wp\/v2\/comments?post=1079"}],"wp:featuredmedia":[{"embeddable":true,"href":"https:\/\/sillerobregon.art\/fr\/wp-json\/wp\/v2\/media\/1080"}],"wp:attachment":[{"href":"https:\/\/sillerobregon.art\/fr\/wp-json\/wp\/v2\/media?parent=1079"}],"wp:term":[{"taxonomy":"product_brand","embeddable":true,"href":"https:\/\/sillerobregon.art\/fr\/wp-json\/wp\/v2\/product_brand?post=1079"},{"taxonomy":"product_cat","embeddable":true,"href":"https:\/\/sillerobregon.art\/fr\/wp-json\/wp\/v2\/product_cat?post=1079"},{"taxonomy":"product_tag","embeddable":true,"href":"https:\/\/sillerobregon.art\/fr\/wp-json\/wp\/v2\/product_tag?post=1079"}],"curies":[{"name":"wp","href":"https:\/\/api.w.org\/{rel}","templated":true}]}}