{"id":1085,"date":"2025-11-16T18:32:15","date_gmt":"2025-11-17T00:32:15","guid":{"rendered":"https:\/\/sillerobregon.art\/?post_type=product&#038;p=1085"},"modified":"2025-11-17T20:41:07","modified_gmt":"2025-11-18T02:41:07","slug":"carcajadas-oleo-tela-80-x-100-cm","status":"publish","type":"product","link":"https:\/\/sillerobregon.art\/fr\/product\/carcajadas-oleo-tela-80-x-100-cm\/","title":{"rendered":"\u00abRire\u00bb Huile sur toile 80 x 100 cm."},"content":{"rendered":"<p data-path-to-node=\"2\"><b>Una celebraci\u00f3n vibrante y alegre del D\u00eda de Muertos.<\/b> Este lienzo est\u00e1 lleno de calaveras sonrientes y esqueletos coloridos en un estilo Neo Mexicanismo audaz y lleno de textura. Es una pieza que transforma el tema de la muerte en una fiesta de vida.<\/p>\n<hr data-path-to-node=\"3\" \/>\n<p data-path-to-node=\"4\"><b>Caract\u00e9ristiques principales :<\/b><\/p>\n<ul data-path-to-node=\"5\">\n<li>\n<p data-path-to-node=\"5,0,0\"><b>Technique:<\/b> Huile sur toile<\/p>\n<\/li>\n<li>\n<p data-path-to-node=\"5,1,0\"><b>Style:<\/b> Neo Mexicanismo<\/p>\n<\/li>\n<li>\n<p data-path-to-node=\"5,2,0\"><b>Tem\u00e1tica:<\/b> Calaveras, esqueletos, y la celebraci\u00f3n de la vida (D\u00eda de Muertos).<\/p>\n<\/li>\n<li>\n<p data-path-to-node=\"5,3,0\"><b>Id\u00e9al pour :<\/b> Coleccionistas de arte folkl\u00f3rico, amantes de las tradiciones mexicanas, o quienes buscan una pieza alegre y \u00fanica.<\/p>\n<\/li>\n<\/ul>\n<hr data-path-to-node=\"6\" \/>\n<p data-path-to-node=\"7\"><b>\u00a1Lleva la alegr\u00eda y el color de esta tradici\u00f3n a tu hogar!<\/b><\/p>","protected":false},"excerpt":{"rendered":"<p>Une c\u00e9l\u00e9bration vibrante et joyeuse du D\u00eda de Muertos (Jour des Morts). Cette toile est orn\u00e9e de cr\u00e2nes souriants et de squelettes color\u00e9s, dans un style n\u00e9o-mexicain audacieux et textur\u00e9. C&#039;est une \u0153uvre qui transforme le th\u00e8me de la mort en une c\u00e9l\u00e9bration de la vie. Caract\u00e9ristiques principales\u00a0: Technique\u00a0: Huile sur toile Style\u00a0: N\u00e9o-mexicain Th\u00e8me\u00a0: Cr\u00e2nes, [\u2026]<\/p>","protected":false},"featured_media":1086,"comment_status":"open","ping_status":"closed","template":"","meta":[],"product_brand":[],"product_cat":[34],"product_tag":[],"class_list":{"0":"post-1085","1":"product","2":"type-product","3":"status-publish","4":"has-post-thumbnail","6":"product_cat-neo-mexicanismo","8":"first","9":"instock","10":"sale","11":"sold-individually","12":"taxable","13":"shipping-taxable","14":"purchasable","15":"product-type-simple"},"_links":{"self":[{"href":"https:\/\/sillerobregon.art\/fr\/wp-json\/wp\/v2\/product\/1085","targetHints":{"allow":["GET"]}}],"collection":[{"href":"https:\/\/sillerobregon.art\/fr\/wp-json\/wp\/v2\/product"}],"about":[{"href":"https:\/\/sillerobregon.art\/fr\/wp-json\/wp\/v2\/types\/product"}],"replies":[{"embeddable":true,"href":"https:\/\/sillerobregon.art\/fr\/wp-json\/wp\/v2\/comments?post=1085"}],"wp:featuredmedia":[{"embeddable":true,"href":"https:\/\/sillerobregon.art\/fr\/wp-json\/wp\/v2\/media\/1086"}],"wp:attachment":[{"href":"https:\/\/sillerobregon.art\/fr\/wp-json\/wp\/v2\/media?parent=1085"}],"wp:term":[{"taxonomy":"product_brand","embeddable":true,"href":"https:\/\/sillerobregon.art\/fr\/wp-json\/wp\/v2\/product_brand?post=1085"},{"taxonomy":"product_cat","embeddable":true,"href":"https:\/\/sillerobregon.art\/fr\/wp-json\/wp\/v2\/product_cat?post=1085"},{"taxonomy":"product_tag","embeddable":true,"href":"https:\/\/sillerobregon.art\/fr\/wp-json\/wp\/v2\/product_tag?post=1085"}],"curies":[{"name":"wp","href":"https:\/\/api.w.org\/{rel}","templated":true}]}}