{"id":1089,"date":"2025-11-20T21:19:28","date_gmt":"2025-11-21T03:19:28","guid":{"rendered":"https:\/\/sillerobregon.art\/?post_type=product&#038;p=1089"},"modified":"2025-11-20T21:19:28","modified_gmt":"2025-11-21T03:19:28","slug":"enredadera-oleo-tela-100-x-100-cm","status":"publish","type":"product","link":"https:\/\/sillerobregon.art\/fr\/product\/enredadera-oleo-tela-100-x-100-cm\/","title":{"rendered":"\u00ab Lierre \u00bb Huile sur toile 100 x 100 cm."},"content":{"rendered":"<h2>Labyrinthe des r\u00eaves et des couleurs<\/h2>\n<p data-path-to-node=\"2\"><b>Une \u0153uvre abstraite d\u00e9bordante d&#039;\u00e9nergie cin\u00e9tique et de formes organiques vibrantes.<\/b> La composition est un enchev\u00eatrement dynamique de lignes noires \u00e9paisses qui enserrent une palette de couleurs intenses, cr\u00e9ant une impression de mouvement et de vie.<\/p>\n<hr data-path-to-node=\"3\" \/>\n<p data-path-to-node=\"4\"><b>Caract\u00e9ristiques principales :<\/b><\/p>\n<ul data-path-to-node=\"5\">\n<li>\n<p data-path-to-node=\"5,0,0\"><b>Technique:<\/b> Huile sur toile<\/p>\n<\/li>\n<li>\n<p data-path-to-node=\"5,1,0\"><b>Style:<\/b> Lignes figuratives abstraites\/de contour.<\/p>\n<\/li>\n<li>\n<p data-path-to-node=\"5,2,0\"><b>Palette :<\/b> Un arc-en-ciel \u00e9clatant (rouges, jaunes, bleus, verts) contrastant avec un noir profond.<\/p>\n<\/li>\n<li>\n<p data-path-to-node=\"5,3,0\"><b>Id\u00e9al pour :<\/b> Amateurs d&#039;art moderne \u00e0 la recherche d&#039;un point focal color\u00e9 et abstrait pour leur d\u00e9coration.<\/p>\n<\/li>\n<\/ul>\n<hr data-path-to-node=\"6\" \/>\n<p data-path-to-node=\"7\"><b>Donnez vie \u00e0 vos murs avec cette explosion d&#039;art abstrait !<\/b><\/p>","protected":false},"excerpt":{"rendered":"<p>Labyrinthe de r\u00eaves et de couleurs : Une \u0153uvre abstraite d\u00e9bordante d&#039;\u00e9nergie cin\u00e9tique et de formes organiques vibrantes. La composition est un enchev\u00eatrement dynamique de lignes noires \u00e9paisses qui enserrent une palette de couleurs intenses, cr\u00e9ant une impression de mouvement et de vie. Caract\u00e9ristiques principales : Technique : Huile sur toile. Style : Abstrait figuratif\/Lignes de contour. Palette : Arc-en-ciel vibrant (rouges, [\u2026]<\/p>","protected":false},"featured_media":1091,"comment_status":"open","ping_status":"closed","template":"","meta":[],"product_brand":[],"product_cat":[35],"product_tag":[],"class_list":{"0":"post-1089","1":"product","2":"type-product","3":"status-publish","4":"has-post-thumbnail","6":"product_cat-abstracto-figurativo","8":"first","9":"instock","10":"taxable","11":"shipping-taxable","12":"purchasable","13":"product-type-simple"},"_links":{"self":[{"href":"https:\/\/sillerobregon.art\/fr\/wp-json\/wp\/v2\/product\/1089","targetHints":{"allow":["GET"]}}],"collection":[{"href":"https:\/\/sillerobregon.art\/fr\/wp-json\/wp\/v2\/product"}],"about":[{"href":"https:\/\/sillerobregon.art\/fr\/wp-json\/wp\/v2\/types\/product"}],"replies":[{"embeddable":true,"href":"https:\/\/sillerobregon.art\/fr\/wp-json\/wp\/v2\/comments?post=1089"}],"wp:featuredmedia":[{"embeddable":true,"href":"https:\/\/sillerobregon.art\/fr\/wp-json\/wp\/v2\/media\/1091"}],"wp:attachment":[{"href":"https:\/\/sillerobregon.art\/fr\/wp-json\/wp\/v2\/media?parent=1089"}],"wp:term":[{"taxonomy":"product_brand","embeddable":true,"href":"https:\/\/sillerobregon.art\/fr\/wp-json\/wp\/v2\/product_brand?post=1089"},{"taxonomy":"product_cat","embeddable":true,"href":"https:\/\/sillerobregon.art\/fr\/wp-json\/wp\/v2\/product_cat?post=1089"},{"taxonomy":"product_tag","embeddable":true,"href":"https:\/\/sillerobregon.art\/fr\/wp-json\/wp\/v2\/product_tag?post=1089"}],"curies":[{"name":"wp","href":"https:\/\/api.w.org\/{rel}","templated":true}]}}