{"id":1099,"date":"2025-11-20T22:18:31","date_gmt":"2025-11-21T04:18:31","guid":{"rendered":"https:\/\/sillerobregon.art\/?post_type=product&#038;p=1099"},"modified":"2025-11-20T22:18:31","modified_gmt":"2025-11-21T04:18:31","slug":"constelada-oleo-tela-100x100-cm","status":"publish","type":"product","link":"https:\/\/sillerobregon.art\/fr\/product\/constelada-oleo-tela-100x100-cm\/","title":{"rendered":"\u00ab Constellada \u00bb Huile\/Toile 100\u00d7100 cm."},"content":{"rendered":"","protected":false},"excerpt":{"rendered":"<p>Cette \u0153uvre d&#039;art abstrait \u00e9lectrisante est un r\u00e9gal pour les yeux. <b>texture riche<\/b> et une explosion de couleurs intenses, introduit un <b>une dose imm\u00e9diate de joie et de raffinement<\/b> Dans n&#039;importe quel espace. Id\u00e9al pour cr\u00e9er un point focal m\u00e9morable dans votre maison ou votre entreprise.<\/p>\n<p>Parfait pour les amateurs d&#039;art contemporain et audacieux.<\/p>\n<p>Huile sur toile 100\u00d7100 cm.<\/p>","protected":false},"featured_media":1101,"comment_status":"open","ping_status":"closed","template":"","meta":[],"product_brand":[],"product_cat":[54],"product_tag":[],"class_list":{"0":"post-1099","1":"product","2":"type-product","3":"status-publish","4":"has-post-thumbnail","6":"product_cat-abstracto","8":"first","9":"instock","10":"taxable","11":"shipping-taxable","12":"purchasable","13":"product-type-simple"},"_links":{"self":[{"href":"https:\/\/sillerobregon.art\/fr\/wp-json\/wp\/v2\/product\/1099","targetHints":{"allow":["GET"]}}],"collection":[{"href":"https:\/\/sillerobregon.art\/fr\/wp-json\/wp\/v2\/product"}],"about":[{"href":"https:\/\/sillerobregon.art\/fr\/wp-json\/wp\/v2\/types\/product"}],"replies":[{"embeddable":true,"href":"https:\/\/sillerobregon.art\/fr\/wp-json\/wp\/v2\/comments?post=1099"}],"wp:featuredmedia":[{"embeddable":true,"href":"https:\/\/sillerobregon.art\/fr\/wp-json\/wp\/v2\/media\/1101"}],"wp:attachment":[{"href":"https:\/\/sillerobregon.art\/fr\/wp-json\/wp\/v2\/media?parent=1099"}],"wp:term":[{"taxonomy":"product_brand","embeddable":true,"href":"https:\/\/sillerobregon.art\/fr\/wp-json\/wp\/v2\/product_brand?post=1099"},{"taxonomy":"product_cat","embeddable":true,"href":"https:\/\/sillerobregon.art\/fr\/wp-json\/wp\/v2\/product_cat?post=1099"},{"taxonomy":"product_tag","embeddable":true,"href":"https:\/\/sillerobregon.art\/fr\/wp-json\/wp\/v2\/product_tag?post=1099"}],"curies":[{"name":"wp","href":"https:\/\/api.w.org\/{rel}","templated":true}]}}