{"id":1110,"date":"2025-11-22T21:37:59","date_gmt":"2025-11-23T03:37:59","guid":{"rendered":"https:\/\/sillerobregon.art\/?post_type=product&#038;p=1110"},"modified":"2025-11-22T21:37:59","modified_gmt":"2025-11-23T03:37:59","slug":"selvatica-oleo-carton-43-x-155-cm","status":"publish","type":"product","link":"https:\/\/sillerobregon.art\/fr\/product\/selvatica-oleo-carton-43-x-155-cm\/","title":{"rendered":"\u00ab Selv\u00e1tica \u00bb Huile sur carton 43 x 15,5 cm."},"content":{"rendered":"<p data-path-to-node=\"4\">\u00ab Selv\u00e1tica \u00bb est une peinture captivante qui vous transporte dans un monde de v\u00e9g\u00e9tation luxuriante et de couleurs profondes. Cr\u00e9\u00e9e en <b>huile sur carton<\/b>Cette \u0153uvre au format vertical capture l&#039;essence de la croissance et du myst\u00e8re de la nature, cr\u00e9ant un point focal \u00e9l\u00e9gant et \u00e9nigmatique.<\/p>\n<h3><b>D\u00e9tails techniques\u00a0:<\/b><\/h3>\n<p>&nbsp;<\/p>\n<p data-path-to-node=\"6,0,0\"><b>\u00a0 \u00a0 \u00a0 \u00a0 \u00a0Qualification:<\/b> Jungle<\/p>\n<ul data-path-to-node=\"6\">\n<li>\n<p data-path-to-node=\"6,1,0\"><b>Technique:<\/b> Huile sur carton<\/p>\n<\/li>\n<li>\n<p data-path-to-node=\"6,2,0\"><b>Mesures:<\/b> <span class=\"math-inline\" data-math=\"43 \\times 15.5 \\text{ cm}\">43\u00d715,5 cm.<\/span><\/p>\n<\/li>\n<li>\n<p data-path-to-node=\"6,3,0\"><b>Pr\u00e9sentation:<\/b> <b>Encadr\u00e9 et pr\u00eat \u00e0 \u00eatre accroch\u00e9<\/b>.<\/p>\n<\/li>\n<li>\n<p data-path-to-node=\"6,4,0\"><b>Style:<\/b> Abstrait\/Nature, id\u00e9al pour les niches ou les petits espaces.<\/p>\n<\/li>\n<\/ul>\n<p data-path-to-node=\"7\"><b>Apportez une touche de sophistication naturelle et de couleur \u00e0 votre collection avec cette pi\u00e8ce unique.<\/b><\/p>","protected":false},"excerpt":{"rendered":"<p>\u00ab Selv\u00e1tica \u00bb est une peinture captivante qui vous transporte dans un monde de v\u00e9g\u00e9tation luxuriante et de couleurs profondes. R\u00e9alis\u00e9e \u00e0 l&#039;huile sur carton, cette \u0153uvre au format vertical capture l&#039;essence de la croissance et du myst\u00e8re de la nature, cr\u00e9ant un point focal \u00e9l\u00e9gant et \u00e9nigmatique. D\u00e9tails techniques\u00a0: Titre\u00a0: Selv\u00e1tica Technique\u00a0: Huile sur carton [\u2026]<\/p>","protected":false},"featured_media":1111,"comment_status":"open","ping_status":"closed","template":"","meta":[],"product_brand":[],"product_cat":[35],"product_tag":[149,150,143,148,152,153,151,145,154,156,146,147,144,142,155],"class_list":{"0":"post-1110","1":"product","2":"type-product","3":"status-publish","4":"has-post-thumbnail","6":"product_cat-abstracto-figurativo","7":"product_tag-arteabstracto","8":"product_tag-artecontemporaneo","9":"product_tag-artenaturaleza","10":"product_tag-arteoriginal","11":"product_tag-cuadropequeno","12":"product_tag-enmarcado","13":"product_tag-formatovertical","14":"product_tag-jungla","15":"product_tag-listoparacolgar","16":"product_tag-obraunica","17":"product_tag-oleo","18":"product_tag-oleosobrecarton","19":"product_tag-pinturabotanica","20":"product_tag-selvatica","21":"product_tag-verdes","23":"first","24":"instock","25":"taxable","26":"shipping-taxable","27":"purchasable","28":"product-type-simple"},"_links":{"self":[{"href":"https:\/\/sillerobregon.art\/fr\/wp-json\/wp\/v2\/product\/1110","targetHints":{"allow":["GET"]}}],"collection":[{"href":"https:\/\/sillerobregon.art\/fr\/wp-json\/wp\/v2\/product"}],"about":[{"href":"https:\/\/sillerobregon.art\/fr\/wp-json\/wp\/v2\/types\/product"}],"replies":[{"embeddable":true,"href":"https:\/\/sillerobregon.art\/fr\/wp-json\/wp\/v2\/comments?post=1110"}],"wp:featuredmedia":[{"embeddable":true,"href":"https:\/\/sillerobregon.art\/fr\/wp-json\/wp\/v2\/media\/1111"}],"wp:attachment":[{"href":"https:\/\/sillerobregon.art\/fr\/wp-json\/wp\/v2\/media?parent=1110"}],"wp:term":[{"taxonomy":"product_brand","embeddable":true,"href":"https:\/\/sillerobregon.art\/fr\/wp-json\/wp\/v2\/product_brand?post=1110"},{"taxonomy":"product_cat","embeddable":true,"href":"https:\/\/sillerobregon.art\/fr\/wp-json\/wp\/v2\/product_cat?post=1110"},{"taxonomy":"product_tag","embeddable":true,"href":"https:\/\/sillerobregon.art\/fr\/wp-json\/wp\/v2\/product_tag?post=1110"}],"curies":[{"name":"wp","href":"https:\/\/api.w.org\/{rel}","templated":true}]}}