{"id":1135,"date":"2025-12-19T19:50:37","date_gmt":"2025-12-20T01:50:37","guid":{"rendered":"https:\/\/sillerobregon.art\/?post_type=product&#038;p=1135"},"modified":"2025-12-19T20:00:06","modified_gmt":"2025-12-20T02:00:06","slug":"mascada-en-tela-shifon-obra-de-mauricio-siller-obregon-80x40-cm","status":"publish","type":"product","link":"https:\/\/sillerobregon.art\/fr\/product\/mascada-en-tela-shifon-obra-de-mauricio-siller-obregon-80x40-cm\/","title":{"rendered":"\u00c9charpe en tissu mousseline de Mauricio Siller Obreg\u00f3n 80\u00d740 Cm."},"content":{"rendered":"<p data-path-to-node=\"3\">Emportez l&#039;art partout avec vous gr\u00e2ce \u00e0 cette exclusivit\u00e9 <b data-path-to-node=\"3\" data-index-in-node=\"41\">\u00e9charpe de cr\u00e9ateur<\/b>Une pi\u00e8ce qui fusionne haute couture et expression artistique. Cette \u0153uvre textile pr\u00e9sente une reproduction par sublimation fid\u00e8le d&#039;une \u0153uvre originale de l&#039;artiste de renom. <b data-path-to-node=\"3\" data-index-in-node=\"243\">Mauricio Siller Obreg\u00f3n<\/b>.<\/p>\n<p data-path-to-node=\"4\">Fabriqu\u00e9 en <b data-path-to-node=\"4\" data-index-in-node=\"17\">tissu mousseline<\/b> Avec sa texture a\u00e9rienne et l\u00e9g\u00e8re, cette pi\u00e8ce se distingue par ses couleurs vibrantes et son drap\u00e9 \u00e9l\u00e9gant. Mesurant 80<b data-path-to-node=\"4\" data-index-in-node=\"140\">x40 cm<\/b>C&#039;est un accessoire polyvalent qui fait office \u00e0 la fois de v\u00eatement de luxe et d&#039;objet de collection pour les amateurs d&#039;art contemporain.<\/p>\n<ul data-path-to-node=\"5\">\n<li>\n<p data-path-to-node=\"5,0,0\"><b data-path-to-node=\"5,0,0\" data-index-in-node=\"0\">Artiste:<\/b> Mauricio Siller Obreg\u00f3n.<\/p>\n<\/li>\n<li>\n<p data-path-to-node=\"5,1,0\"><b data-path-to-node=\"5,1,0\" data-index-in-node=\"0\">Mat\u00e9riel:<\/b> mousseline de qualit\u00e9 sup\u00e9rieure (douce et translucide).<\/p>\n<\/li>\n<li>\n<p data-path-to-node=\"5,2,0\"><b data-path-to-node=\"5,2,0\" data-index-in-node=\"0\">Technique:<\/b> Sublimation haute d\u00e9finition.<\/p>\n<\/li>\n<li>\n<p data-path-to-node=\"5,3,0\"><b data-path-to-node=\"5,3,0\" data-index-in-node=\"0\">Dimensions:<\/b> 80 x 40 cm.<\/p>\n<\/li>\n<li>\n<p data-path-to-node=\"5,4,0\"><b data-path-to-node=\"5,4,0\" data-index-in-node=\"0\">Concept:<\/b> Art \u00e0 porter.<\/p>\n<\/li>\n<\/ul>","protected":false},"excerpt":{"rendered":"<p>Lleve el arte consigo con esta exclusiva mascada de autor, una pieza que fusiona la moda de alta gama con la expresi\u00f3n pl\u00e1stica. Esta obra textil presenta una fiel reproducci\u00f3n mediante sublimaci\u00f3n de una pieza original del reconocido artista Mauricio Siller Obreg\u00f3n. Confeccionada en tela shif\u00f3n de textura et\u00e9rea y ligera, la pieza destaca por [&hellip;]<\/p>","protected":false},"featured_media":1136,"comment_status":"open","ping_status":"closed","template":"","meta":[],"product_brand":[],"product_cat":[94],"product_tag":[],"class_list":{"0":"post-1135","1":"product","2":"type-product","3":"status-publish","4":"has-post-thumbnail","6":"product_cat-moda","8":"first","9":"instock","10":"taxable","11":"shipping-taxable","12":"purchasable","13":"product-type-simple"},"_links":{"self":[{"href":"https:\/\/sillerobregon.art\/fr\/wp-json\/wp\/v2\/product\/1135","targetHints":{"allow":["GET"]}}],"collection":[{"href":"https:\/\/sillerobregon.art\/fr\/wp-json\/wp\/v2\/product"}],"about":[{"href":"https:\/\/sillerobregon.art\/fr\/wp-json\/wp\/v2\/types\/product"}],"replies":[{"embeddable":true,"href":"https:\/\/sillerobregon.art\/fr\/wp-json\/wp\/v2\/comments?post=1135"}],"wp:featuredmedia":[{"embeddable":true,"href":"https:\/\/sillerobregon.art\/fr\/wp-json\/wp\/v2\/media\/1136"}],"wp:attachment":[{"href":"https:\/\/sillerobregon.art\/fr\/wp-json\/wp\/v2\/media?parent=1135"}],"wp:term":[{"taxonomy":"product_brand","embeddable":true,"href":"https:\/\/sillerobregon.art\/fr\/wp-json\/wp\/v2\/product_brand?post=1135"},{"taxonomy":"product_cat","embeddable":true,"href":"https:\/\/sillerobregon.art\/fr\/wp-json\/wp\/v2\/product_cat?post=1135"},{"taxonomy":"product_tag","embeddable":true,"href":"https:\/\/sillerobregon.art\/fr\/wp-json\/wp\/v2\/product_tag?post=1135"}],"curies":[{"name":"wp","href":"https:\/\/api.w.org\/{rel}","templated":true}]}}