{"id":1175,"date":"2025-12-20T20:43:59","date_gmt":"2025-12-21T02:43:59","guid":{"rendered":"https:\/\/sillerobregon.art\/?post_type=product&#038;p=1175"},"modified":"2025-12-20T20:43:59","modified_gmt":"2025-12-21T02:43:59","slug":"mascada-en-tela-satin-obra-de-mauricio-siller-obregon-100x50-cm-9","status":"publish","type":"product","link":"https:\/\/sillerobregon.art\/fr\/product\/mascada-en-tela-satin-obra-de-mauricio-siller-obregon-100x50-cm-9\/","title":{"rendered":"\u00c9charpe en tissu satin\u00e9, \u0153uvre de Mauricio Siller Obreg\u00f3n 100\u00d750 cm."},"content":{"rendered":"<p>Emportez l&#039;art partout avec vous gr\u00e2ce \u00e0 cette \u00e9charpe de cr\u00e9ateur exclusive, une pi\u00e8ce qui fusionne haute couture et expression artistique. Cette \u0153uvre textile est une reproduction fid\u00e8le par sublimation d&#039;une pi\u00e8ce originale du c\u00e9l\u00e8bre artiste Mauricio Siller Obreg\u00f3n.<br \/>\nConfectionn\u00e9e en satin a\u00e9rien et l\u00e9ger, cette pi\u00e8ce se distingue par ses couleurs \u00e9clatantes et son drap\u00e9 \u00e9l\u00e9gant. Mesurant 100 x 50 cm, c&#039;est un accessoire polyvalent qui fait office \u00e0 la fois de v\u00eatement de luxe et d&#039;objet de collection pour les amateurs d&#039;art contemporain.<br \/>\nArtiste : Mauricio Siller Obreg\u00f3n.<\/p>\n<p>Mati\u00e8re : Satin de qualit\u00e9 sup\u00e9rieure<\/p>\n<p>Technique : Sublimation haute d\u00e9finition.<\/p>\n<p>Dimensions : 100 x 50 cm.<\/p>\n<p>Concept : Art portable \/ Art \u00e0 porter.<\/p>","protected":false},"excerpt":{"rendered":"<p>Lleve el arte consigo con esta exclusiva mascada de autor, una pieza que fusiona la moda de alta gama con la expresi\u00f3n pl\u00e1stica. Esta obra textil presenta una fiel reproducci\u00f3n mediante sublimaci\u00f3n de una pieza original del reconocido artista Mauricio Siller Obreg\u00f3n. Confeccionada en tela sat\u00edn de textura et\u00e9rea y ligera, la pieza destaca por [&hellip;]<\/p>","protected":false},"featured_media":1176,"comment_status":"open","ping_status":"closed","template":"","meta":[],"product_brand":[],"product_cat":[94],"product_tag":[],"class_list":{"0":"post-1175","1":"product","2":"type-product","3":"status-publish","4":"has-post-thumbnail","6":"product_cat-moda","8":"first","9":"instock","10":"taxable","11":"shipping-taxable","12":"purchasable","13":"product-type-simple"},"_links":{"self":[{"href":"https:\/\/sillerobregon.art\/fr\/wp-json\/wp\/v2\/product\/1175","targetHints":{"allow":["GET"]}}],"collection":[{"href":"https:\/\/sillerobregon.art\/fr\/wp-json\/wp\/v2\/product"}],"about":[{"href":"https:\/\/sillerobregon.art\/fr\/wp-json\/wp\/v2\/types\/product"}],"replies":[{"embeddable":true,"href":"https:\/\/sillerobregon.art\/fr\/wp-json\/wp\/v2\/comments?post=1175"}],"wp:featuredmedia":[{"embeddable":true,"href":"https:\/\/sillerobregon.art\/fr\/wp-json\/wp\/v2\/media\/1176"}],"wp:attachment":[{"href":"https:\/\/sillerobregon.art\/fr\/wp-json\/wp\/v2\/media?parent=1175"}],"wp:term":[{"taxonomy":"product_brand","embeddable":true,"href":"https:\/\/sillerobregon.art\/fr\/wp-json\/wp\/v2\/product_brand?post=1175"},{"taxonomy":"product_cat","embeddable":true,"href":"https:\/\/sillerobregon.art\/fr\/wp-json\/wp\/v2\/product_cat?post=1175"},{"taxonomy":"product_tag","embeddable":true,"href":"https:\/\/sillerobregon.art\/fr\/wp-json\/wp\/v2\/product_tag?post=1175"}],"curies":[{"name":"wp","href":"https:\/\/api.w.org\/{rel}","templated":true}]}}