{"id":1185,"date":"2026-01-10T18:44:13","date_gmt":"2026-01-11T00:44:13","guid":{"rendered":"https:\/\/sillerobregon.art\/?post_type=product&#038;p=1185"},"modified":"2026-01-10T18:44:14","modified_gmt":"2026-01-11T00:44:14","slug":"enigmatico-oleo-tela-25-x-20-cm","status":"publish","type":"product","link":"https:\/\/sillerobregon.art\/fr\/product\/enigmatico-oleo-tela-25-x-20-cm\/","title":{"rendered":"\u00ab \u00c9nigmatique \u00bb Huile sur toile. 25 x 20 cm."},"content":{"rendered":"<p>Esta vibrante obra de arte, realizada en \u00f3leo sobre tela, captura la esencia del estilo abstracto figurativo. Sus formas y colores sugieren figuras y elementos de manera din\u00e1mica, invitando al espectador a una interpretaci\u00f3n personal. Con un formato \u00edntimo de 25&#215;20 cm, es una pieza perfecta para a\u00f1adir un toque de color y sofisticaci\u00f3n a cualquier espacio.<\/p>","protected":false},"excerpt":{"rendered":"<p>Esta vibrante obra de arte, realizada en \u00f3leo sobre tela, captura la esencia del estilo abstracto figurativo. Sus formas y colores sugieren figuras y elementos de manera din\u00e1mica, invitando al espectador a una interpretaci\u00f3n personal. Con un formato \u00edntimo de 25&#215;20 cm, es una pieza perfecta para a\u00f1adir un toque de color y sofisticaci\u00f3n a [&hellip;]<\/p>","protected":false},"featured_media":1186,"comment_status":"open","ping_status":"closed","template":"","meta":[],"product_brand":[],"product_cat":[35],"product_tag":[],"class_list":{"0":"post-1185","1":"product","2":"type-product","3":"status-publish","4":"has-post-thumbnail","6":"product_cat-abstracto-figurativo","8":"first","9":"instock","10":"sale","11":"sold-individually","12":"taxable","13":"shipping-taxable","14":"purchasable","15":"product-type-simple"},"_links":{"self":[{"href":"https:\/\/sillerobregon.art\/fr\/wp-json\/wp\/v2\/product\/1185","targetHints":{"allow":["GET"]}}],"collection":[{"href":"https:\/\/sillerobregon.art\/fr\/wp-json\/wp\/v2\/product"}],"about":[{"href":"https:\/\/sillerobregon.art\/fr\/wp-json\/wp\/v2\/types\/product"}],"replies":[{"embeddable":true,"href":"https:\/\/sillerobregon.art\/fr\/wp-json\/wp\/v2\/comments?post=1185"}],"wp:featuredmedia":[{"embeddable":true,"href":"https:\/\/sillerobregon.art\/fr\/wp-json\/wp\/v2\/media\/1186"}],"wp:attachment":[{"href":"https:\/\/sillerobregon.art\/fr\/wp-json\/wp\/v2\/media?parent=1185"}],"wp:term":[{"taxonomy":"product_brand","embeddable":true,"href":"https:\/\/sillerobregon.art\/fr\/wp-json\/wp\/v2\/product_brand?post=1185"},{"taxonomy":"product_cat","embeddable":true,"href":"https:\/\/sillerobregon.art\/fr\/wp-json\/wp\/v2\/product_cat?post=1185"},{"taxonomy":"product_tag","embeddable":true,"href":"https:\/\/sillerobregon.art\/fr\/wp-json\/wp\/v2\/product_tag?post=1185"}],"curies":[{"name":"wp","href":"https:\/\/api.w.org\/{rel}","templated":true}]}}