{"id":242,"date":"2025-02-10T05:32:49","date_gmt":"2025-02-10T05:32:49","guid":{"rendered":"https:\/\/sillerobregon.art\/?product=para-siempre-tecnica-oleo-tela-medidas-1-10-x-1-80-mt-ano-2012"},"modified":"2025-10-17T21:11:03","modified_gmt":"2025-10-18T03:11:03","slug":"para-siempre-tecnica-oleo-tela-medidas-1-10-x-1-80-mt-ano-2012","status":"publish","type":"product","link":"https:\/\/sillerobregon.art\/fr\/product\/para-siempre-tecnica-oleo-tela-medidas-1-10-x-1-80-mt-ano-2012\/","title":{"rendered":"&quot;Pour toujours&quot;. Technique : Huile \/ toile. Dimensions : 1,10 x 1,80 mt. Ann\u00e9e : 2012."},"content":{"rendered":"<p>Achetez \u00ab\u00a0Para siempre\u00a0\u00bb, une \u0153uvre abstraite de Siller Obreg\u00f3n. Id\u00e9ale pour transformer votre espace avec de l&#039;art contemporain. Adoptez-la d\u00e8s aujourd&#039;hui\u00a0!<\/p>","protected":false},"excerpt":{"rendered":"<p>Achetez \u00ab\u00a0Para siempre\u00a0\u00bb, une \u0153uvre abstraite de Siller Obreg\u00f3n. Id\u00e9ale pour transformer votre espace avec de l&#039;art contemporain. Adoptez-la d\u00e8s aujourd&#039;hui\u00a0!<\/p>","protected":false},"featured_media":593,"comment_status":"closed","ping_status":"open","template":"","meta":[],"product_brand":[],"product_cat":[24,23],"product_tag":[],"class_list":{"0":"post-242","1":"product","2":"type-product","3":"status-publish","4":"has-post-thumbnail","6":"product_cat-arte-abstracto","7":"product_cat-arte-oleo","9":"first","10":"instock","11":"purchasable","12":"product-type-simple"},"_links":{"self":[{"href":"https:\/\/sillerobregon.art\/fr\/wp-json\/wp\/v2\/product\/242","targetHints":{"allow":["GET"]}}],"collection":[{"href":"https:\/\/sillerobregon.art\/fr\/wp-json\/wp\/v2\/product"}],"about":[{"href":"https:\/\/sillerobregon.art\/fr\/wp-json\/wp\/v2\/types\/product"}],"replies":[{"embeddable":true,"href":"https:\/\/sillerobregon.art\/fr\/wp-json\/wp\/v2\/comments?post=242"}],"wp:featuredmedia":[{"embeddable":true,"href":"https:\/\/sillerobregon.art\/fr\/wp-json\/wp\/v2\/media\/593"}],"wp:attachment":[{"href":"https:\/\/sillerobregon.art\/fr\/wp-json\/wp\/v2\/media?parent=242"}],"wp:term":[{"taxonomy":"product_brand","embeddable":true,"href":"https:\/\/sillerobregon.art\/fr\/wp-json\/wp\/v2\/product_brand?post=242"},{"taxonomy":"product_cat","embeddable":true,"href":"https:\/\/sillerobregon.art\/fr\/wp-json\/wp\/v2\/product_cat?post=242"},{"taxonomy":"product_tag","embeddable":true,"href":"https:\/\/sillerobregon.art\/fr\/wp-json\/wp\/v2\/product_tag?post=242"}],"curies":[{"name":"wp","href":"https:\/\/api.w.org\/{rel}","templated":true}]}}