{"id":243,"date":"2025-02-10T05:32:49","date_gmt":"2025-02-10T05:32:49","guid":{"rendered":"https:\/\/sillerobregon.art\/?product=circulando-tecnica-oleo-tela-medidas-1-80-x-1-20-mt-ano-2003"},"modified":"2025-11-17T20:24:43","modified_gmt":"2025-11-18T02:24:43","slug":"circulando-tecnica-oleo-tela-medidas-1-80-x-1-20-mt-ano-2003","status":"publish","type":"product","link":"https:\/\/sillerobregon.art\/fr\/product\/circulando-tecnica-oleo-tela-medidas-1-80-x-1-20-mt-ano-2003\/","title":{"rendered":"&quot;Circul\u00e9&quot;. Technique : Huile \/ toile. Dimensions : 1,80 x 1,20 mt. Ann\u00e9e : 2003"},"content":{"rendered":"<p>Achetez \u00ab\u00a0Circulating\u00a0\u00bb, une \u0153uvre abstraite de Siller Obreg\u00f3n qui transformera votre int\u00e9rieur gr\u00e2ce \u00e0 son style contemporain. Commandez maintenant\u00a0!<\/p>","protected":false},"excerpt":{"rendered":"<p>Achetez \u00ab\u00a0Circulating\u00a0\u00bb, une \u0153uvre abstraite de Siller Obreg\u00f3n qui transformera votre int\u00e9rieur gr\u00e2ce \u00e0 son style contemporain. Commandez maintenant\u00a0!<\/p>","protected":false},"featured_media":594,"comment_status":"closed","ping_status":"closed","template":"","meta":[],"product_brand":[],"product_cat":[24,25],"product_tag":[],"class_list":{"0":"post-243","1":"product","2":"type-product","3":"status-publish","4":"has-post-thumbnail","6":"product_cat-arte-abstracto","7":"product_cat-arte-escultura-yeso","9":"first","10":"instock","11":"purchasable","12":"product-type-simple"},"_links":{"self":[{"href":"https:\/\/sillerobregon.art\/fr\/wp-json\/wp\/v2\/product\/243","targetHints":{"allow":["GET"]}}],"collection":[{"href":"https:\/\/sillerobregon.art\/fr\/wp-json\/wp\/v2\/product"}],"about":[{"href":"https:\/\/sillerobregon.art\/fr\/wp-json\/wp\/v2\/types\/product"}],"replies":[{"embeddable":true,"href":"https:\/\/sillerobregon.art\/fr\/wp-json\/wp\/v2\/comments?post=243"}],"wp:featuredmedia":[{"embeddable":true,"href":"https:\/\/sillerobregon.art\/fr\/wp-json\/wp\/v2\/media\/594"}],"wp:attachment":[{"href":"https:\/\/sillerobregon.art\/fr\/wp-json\/wp\/v2\/media?parent=243"}],"wp:term":[{"taxonomy":"product_brand","embeddable":true,"href":"https:\/\/sillerobregon.art\/fr\/wp-json\/wp\/v2\/product_brand?post=243"},{"taxonomy":"product_cat","embeddable":true,"href":"https:\/\/sillerobregon.art\/fr\/wp-json\/wp\/v2\/product_cat?post=243"},{"taxonomy":"product_tag","embeddable":true,"href":"https:\/\/sillerobregon.art\/fr\/wp-json\/wp\/v2\/product_tag?post=243"}],"curies":[{"name":"wp","href":"https:\/\/api.w.org\/{rel}","templated":true}]}}