{"id":245,"date":"2025-02-10T05:32:49","date_gmt":"2025-02-10T05:32:49","guid":{"rendered":"https:\/\/sillerobregon.art\/?product=formacion-circadiana-2-tecnica-yeso-y-barniz-de-poliuretano-medidas-25-x-22-x-20-cms-ano-2012"},"modified":"2025-04-29T19:07:57","modified_gmt":"2025-04-30T01:07:57","slug":"formacion-circadiana-2-tecnica-yeso-y-barniz-de-poliuretano-medidas-25-x-22-x-20-cms-ano-2012","status":"publish","type":"product","link":"https:\/\/sillerobregon.art\/fr\/product\/formacion-circadiana-2-tecnica-yeso-y-barniz-de-poliuretano-medidas-25-x-22-x-20-cms-ano-2012\/","title":{"rendered":"\u00abFormation circadienne # 2\u00bb. Technique : Pl\u00e2tre et vernis polyur\u00e9thane. Dimensions : 25 x 22 x 20 cm, Ann\u00e9e : 2012."},"content":{"rendered":"<p>D\u00e9couvrez la sculpture \u00ab\u00a0Formation circadienne #2\u00a0\u00bb. Une \u0153uvre d&#039;art en pl\u00e2tre et polyur\u00e9thane, id\u00e9ale pour embellir votre int\u00e9rieur. Transformez votre espace d\u00e8s maintenant\u00a0!<\/p>","protected":false},"excerpt":{"rendered":"<p>D\u00e9couvrez la sculpture \u00ab\u00a0Formation circadienne #2\u00a0\u00bb. Une \u0153uvre d&#039;art en pl\u00e2tre et polyur\u00e9thane, id\u00e9ale pour embellir votre int\u00e9rieur. Transformez votre espace d\u00e8s maintenant\u00a0!<\/p>","protected":false},"featured_media":596,"comment_status":"closed","ping_status":"open","template":"","meta":[],"product_brand":[],"product_cat":[24,25],"product_tag":[],"class_list":{"0":"post-245","1":"product","2":"type-product","3":"status-publish","4":"has-post-thumbnail","6":"product_cat-arte-abstracto","7":"product_cat-arte-escultura-yeso","9":"first","10":"instock","11":"purchasable","12":"product-type-simple"},"_links":{"self":[{"href":"https:\/\/sillerobregon.art\/fr\/wp-json\/wp\/v2\/product\/245","targetHints":{"allow":["GET"]}}],"collection":[{"href":"https:\/\/sillerobregon.art\/fr\/wp-json\/wp\/v2\/product"}],"about":[{"href":"https:\/\/sillerobregon.art\/fr\/wp-json\/wp\/v2\/types\/product"}],"replies":[{"embeddable":true,"href":"https:\/\/sillerobregon.art\/fr\/wp-json\/wp\/v2\/comments?post=245"}],"wp:featuredmedia":[{"embeddable":true,"href":"https:\/\/sillerobregon.art\/fr\/wp-json\/wp\/v2\/media\/596"}],"wp:attachment":[{"href":"https:\/\/sillerobregon.art\/fr\/wp-json\/wp\/v2\/media?parent=245"}],"wp:term":[{"taxonomy":"product_brand","embeddable":true,"href":"https:\/\/sillerobregon.art\/fr\/wp-json\/wp\/v2\/product_brand?post=245"},{"taxonomy":"product_cat","embeddable":true,"href":"https:\/\/sillerobregon.art\/fr\/wp-json\/wp\/v2\/product_cat?post=245"},{"taxonomy":"product_tag","embeddable":true,"href":"https:\/\/sillerobregon.art\/fr\/wp-json\/wp\/v2\/product_tag?post=245"}],"curies":[{"name":"wp","href":"https:\/\/api.w.org\/{rel}","templated":true}]}}