{"id":246,"date":"2025-02-10T05:32:49","date_gmt":"2025-02-10T05:32:49","guid":{"rendered":"https:\/\/sillerobregon.art\/?product=titulo-arquitectonica-3-tecnica-yeso-y-barniz-de-poliuretano-medidas-21-x-25-x-24-cms-ano-2010"},"modified":"2025-04-29T19:07:57","modified_gmt":"2025-04-30T01:07:57","slug":"titulo-arquitectonica-3-tecnica-yeso-y-barniz-de-poliuretano-medidas-21-x-25-x-24-cms-ano-2010","status":"publish","type":"product","link":"https:\/\/sillerobregon.art\/fr\/product\/titulo-arquitectonica-3-tecnica-yeso-y-barniz-de-poliuretano-medidas-21-x-25-x-24-cms-ano-2010\/","title":{"rendered":"Titre : \u00abArchitecture # 3\u00bb. Technique : Pl\u00e2tre et vernis polyur\u00e9thane. Dimensions : 21 x 25 x 24 cm. Ann\u00e9e : 2010."},"content":{"rendered":"<p>Achetez \u00ab\u00a0Arquitect\u00f3nica # 3\u00a0\u00bb, une sculpture en pl\u00e2tre et polyur\u00e9thane de 21 x 25 x 24\u00a0cm. Id\u00e9ale pour apporter une touche de modernit\u00e9 \u00e0 votre int\u00e9rieur. Cr\u00e9ez-la d\u00e8s aujourd&#039;hui\u00a0!<\/p>","protected":false},"excerpt":{"rendered":"<p>Achetez \u00ab\u00a0Arquitect\u00f3nica # 3\u00a0\u00bb, une sculpture en pl\u00e2tre et polyur\u00e9thane de 21 x 25 x 24\u00a0cm. Id\u00e9ale pour apporter une touche de modernit\u00e9 \u00e0 votre int\u00e9rieur. Cr\u00e9ez-la d\u00e8s aujourd&#039;hui\u00a0!<\/p>","protected":false},"featured_media":597,"comment_status":"closed","ping_status":"open","template":"","meta":[],"product_brand":[],"product_cat":[24,25],"product_tag":[],"class_list":{"0":"post-246","1":"product","2":"type-product","3":"status-publish","4":"has-post-thumbnail","6":"product_cat-arte-abstracto","7":"product_cat-arte-escultura-yeso","9":"first","10":"instock","11":"purchasable","12":"product-type-simple"},"_links":{"self":[{"href":"https:\/\/sillerobregon.art\/fr\/wp-json\/wp\/v2\/product\/246","targetHints":{"allow":["GET"]}}],"collection":[{"href":"https:\/\/sillerobregon.art\/fr\/wp-json\/wp\/v2\/product"}],"about":[{"href":"https:\/\/sillerobregon.art\/fr\/wp-json\/wp\/v2\/types\/product"}],"replies":[{"embeddable":true,"href":"https:\/\/sillerobregon.art\/fr\/wp-json\/wp\/v2\/comments?post=246"}],"wp:featuredmedia":[{"embeddable":true,"href":"https:\/\/sillerobregon.art\/fr\/wp-json\/wp\/v2\/media\/597"}],"wp:attachment":[{"href":"https:\/\/sillerobregon.art\/fr\/wp-json\/wp\/v2\/media?parent=246"}],"wp:term":[{"taxonomy":"product_brand","embeddable":true,"href":"https:\/\/sillerobregon.art\/fr\/wp-json\/wp\/v2\/product_brand?post=246"},{"taxonomy":"product_cat","embeddable":true,"href":"https:\/\/sillerobregon.art\/fr\/wp-json\/wp\/v2\/product_cat?post=246"},{"taxonomy":"product_tag","embeddable":true,"href":"https:\/\/sillerobregon.art\/fr\/wp-json\/wp\/v2\/product_tag?post=246"}],"curies":[{"name":"wp","href":"https:\/\/api.w.org\/{rel}","templated":true}]}}