{"id":249,"date":"2025-02-10T05:32:49","date_gmt":"2025-02-10T05:32:49","guid":{"rendered":"https:\/\/sillerobregon.art\/?product=formacion-circadiana-1-tecnica-yeso-y-barniz-medidas-29-x-22-x-20-cms-ano-sin-fecha"},"modified":"2025-10-17T21:05:57","modified_gmt":"2025-10-18T03:05:57","slug":"formacion-circadiana-1-tecnica-yeso-y-barniz-medidas-29-x-22-x-20-cms-ano-sin-fecha","status":"publish","type":"product","link":"https:\/\/sillerobregon.art\/fr\/product\/formacion-circadiana-1-tecnica-yeso-y-barniz-medidas-29-x-22-x-20-cms-ano-sin-fecha\/","title":{"rendered":"\u00abFormation circadienne # 1\u00bb. Technique : Pl\u00e2tre et Vernis. Dimensions : 29 x 22 x 20 cm. Ann\u00e9e : Sans date."},"content":{"rendered":"<p>Procurez-vous \u00ab\u00a0Formation circadienne # 1\u00a0\u00bb, une sculpture en pl\u00e2tre et vernis qui apportera une touche contemporaine \u00e0 votre int\u00e9rieur. Transformez votre espace gr\u00e2ce \u00e0 l&#039;art\u00a0!<\/p>","protected":false},"excerpt":{"rendered":"<p>Procurez-vous \u00ab\u00a0Formation circadienne # 1\u00a0\u00bb, une sculpture en pl\u00e2tre et vernis qui apportera une touche contemporaine \u00e0 votre int\u00e9rieur. Transformez votre espace gr\u00e2ce \u00e0 l&#039;art\u00a0!<\/p>","protected":false},"featured_media":600,"comment_status":"closed","ping_status":"open","template":"","meta":[],"product_brand":[],"product_cat":[25],"product_tag":[],"class_list":{"0":"post-249","1":"product","2":"type-product","3":"status-publish","4":"has-post-thumbnail","6":"product_cat-arte-escultura-yeso","8":"first","9":"instock","10":"purchasable","11":"product-type-simple"},"_links":{"self":[{"href":"https:\/\/sillerobregon.art\/fr\/wp-json\/wp\/v2\/product\/249","targetHints":{"allow":["GET"]}}],"collection":[{"href":"https:\/\/sillerobregon.art\/fr\/wp-json\/wp\/v2\/product"}],"about":[{"href":"https:\/\/sillerobregon.art\/fr\/wp-json\/wp\/v2\/types\/product"}],"replies":[{"embeddable":true,"href":"https:\/\/sillerobregon.art\/fr\/wp-json\/wp\/v2\/comments?post=249"}],"wp:featuredmedia":[{"embeddable":true,"href":"https:\/\/sillerobregon.art\/fr\/wp-json\/wp\/v2\/media\/600"}],"wp:attachment":[{"href":"https:\/\/sillerobregon.art\/fr\/wp-json\/wp\/v2\/media?parent=249"}],"wp:term":[{"taxonomy":"product_brand","embeddable":true,"href":"https:\/\/sillerobregon.art\/fr\/wp-json\/wp\/v2\/product_brand?post=249"},{"taxonomy":"product_cat","embeddable":true,"href":"https:\/\/sillerobregon.art\/fr\/wp-json\/wp\/v2\/product_cat?post=249"},{"taxonomy":"product_tag","embeddable":true,"href":"https:\/\/sillerobregon.art\/fr\/wp-json\/wp\/v2\/product_tag?post=249"}],"curies":[{"name":"wp","href":"https:\/\/api.w.org\/{rel}","templated":true}]}}