{"id":250,"date":"2025-02-10T05:32:49","date_gmt":"2025-02-10T05:32:49","guid":{"rendered":"https:\/\/sillerobregon.art\/?product=panorama-tecnica-acrilico-barnizando-medidas-25-x-16-cms-ano-2024"},"modified":"2025-11-17T22:36:15","modified_gmt":"2025-11-18T04:36:15","slug":"panorama-tecnica-acrilico-barnizando-medidas-25-x-16-cms-ano-2024","status":"publish","type":"product","link":"https:\/\/sillerobregon.art\/fr\/product\/panorama-tecnica-acrilico-barnizando-medidas-25-x-16-cms-ano-2024\/","title":{"rendered":"&quot;Panorama&quot;. Technique : Vernissage acrylique. Dimensions : 25 x 16 cm. Ann\u00e9e : 2024."},"content":{"rendered":"<p>Achetez \u00ab\u00a0Panorama\u00a0\u00bb, une \u0153uvre acrylique de Siller Obreg\u00f3n qui transforme n&#039;importe quel espace. Ajoutez de l&#039;art \u00e0 votre int\u00e9rieur d\u00e8s aujourd&#039;hui\u00a0!<\/p>","protected":false},"excerpt":{"rendered":"<p>Achetez \u00ab\u00a0Panorama\u00a0\u00bb, une \u0153uvre acrylique de Siller Obreg\u00f3n qui transforme n&#039;importe quel espace. Ajoutez de l&#039;art \u00e0 votre int\u00e9rieur d\u00e8s aujourd&#039;hui\u00a0!<\/p>","protected":false},"featured_media":601,"comment_status":"closed","ping_status":"closed","template":"","meta":[],"product_brand":[],"product_cat":[24,26],"product_tag":[],"class_list":{"0":"post-250","1":"product","2":"type-product","3":"status-publish","4":"has-post-thumbnail","6":"product_cat-arte-abstracto","7":"product_cat-arte-acrilico","9":"first","10":"instock","11":"purchasable","12":"product-type-simple"},"_links":{"self":[{"href":"https:\/\/sillerobregon.art\/fr\/wp-json\/wp\/v2\/product\/250","targetHints":{"allow":["GET"]}}],"collection":[{"href":"https:\/\/sillerobregon.art\/fr\/wp-json\/wp\/v2\/product"}],"about":[{"href":"https:\/\/sillerobregon.art\/fr\/wp-json\/wp\/v2\/types\/product"}],"replies":[{"embeddable":true,"href":"https:\/\/sillerobregon.art\/fr\/wp-json\/wp\/v2\/comments?post=250"}],"wp:featuredmedia":[{"embeddable":true,"href":"https:\/\/sillerobregon.art\/fr\/wp-json\/wp\/v2\/media\/601"}],"wp:attachment":[{"href":"https:\/\/sillerobregon.art\/fr\/wp-json\/wp\/v2\/media?parent=250"}],"wp:term":[{"taxonomy":"product_brand","embeddable":true,"href":"https:\/\/sillerobregon.art\/fr\/wp-json\/wp\/v2\/product_brand?post=250"},{"taxonomy":"product_cat","embeddable":true,"href":"https:\/\/sillerobregon.art\/fr\/wp-json\/wp\/v2\/product_cat?post=250"},{"taxonomy":"product_tag","embeddable":true,"href":"https:\/\/sillerobregon.art\/fr\/wp-json\/wp\/v2\/product_tag?post=250"}],"curies":[{"name":"wp","href":"https:\/\/api.w.org\/{rel}","templated":true}]}}