{"id":251,"date":"2025-02-10T05:32:49","date_gmt":"2025-02-10T05:32:49","guid":{"rendered":"https:\/\/sillerobregon.art\/?product=medianoche-tecnica-acrilico-barnizando-medidas-28-x-16-cms-ano-2024"},"modified":"2025-11-17T22:48:01","modified_gmt":"2025-11-18T04:48:01","slug":"medianoche-tecnica-acrilico-barnizando-medidas-28-x-16-cms-ano-2024","status":"publish","type":"product","link":"https:\/\/sillerobregon.art\/fr\/product\/medianoche-tecnica-acrilico-barnizando-medidas-28-x-16-cms-ano-2024\/","title":{"rendered":"\u00ab Minuit. \u00bb Technique : Vernis acrylique. Dimensions : 28 x 16 cm. Ann\u00e9e : 2024."},"content":{"rendered":"<p>D\u00e9couvrez \u00ab\u00a0Midnight\u00a0\u00bb, une \u0153uvre acrylique de 28\u00a0x\u00a016\u00a0cm. Apportez une touche vibrante et sophistiqu\u00e9e \u00e0 votre int\u00e9rieur. Personnalisez-la et transformez votre espace\u00a0!<\/p>","protected":false},"excerpt":{"rendered":"<p>D\u00e9couvrez \u00ab\u00a0Midnight\u00a0\u00bb, une \u0153uvre acrylique de 28\u00a0x\u00a016\u00a0cm. Apportez une touche vibrante et sophistiqu\u00e9e \u00e0 votre int\u00e9rieur. Personnalisez-la et transformez votre espace\u00a0!<\/p>","protected":false},"featured_media":602,"comment_status":"closed","ping_status":"closed","template":"","meta":[],"product_brand":[],"product_cat":[24,26],"product_tag":[],"class_list":{"0":"post-251","1":"product","2":"type-product","3":"status-publish","4":"has-post-thumbnail","6":"product_cat-arte-abstracto","7":"product_cat-arte-acrilico","9":"first","10":"instock","11":"purchasable","12":"product-type-simple"},"_links":{"self":[{"href":"https:\/\/sillerobregon.art\/fr\/wp-json\/wp\/v2\/product\/251","targetHints":{"allow":["GET"]}}],"collection":[{"href":"https:\/\/sillerobregon.art\/fr\/wp-json\/wp\/v2\/product"}],"about":[{"href":"https:\/\/sillerobregon.art\/fr\/wp-json\/wp\/v2\/types\/product"}],"replies":[{"embeddable":true,"href":"https:\/\/sillerobregon.art\/fr\/wp-json\/wp\/v2\/comments?post=251"}],"wp:featuredmedia":[{"embeddable":true,"href":"https:\/\/sillerobregon.art\/fr\/wp-json\/wp\/v2\/media\/602"}],"wp:attachment":[{"href":"https:\/\/sillerobregon.art\/fr\/wp-json\/wp\/v2\/media?parent=251"}],"wp:term":[{"taxonomy":"product_brand","embeddable":true,"href":"https:\/\/sillerobregon.art\/fr\/wp-json\/wp\/v2\/product_brand?post=251"},{"taxonomy":"product_cat","embeddable":true,"href":"https:\/\/sillerobregon.art\/fr\/wp-json\/wp\/v2\/product_cat?post=251"},{"taxonomy":"product_tag","embeddable":true,"href":"https:\/\/sillerobregon.art\/fr\/wp-json\/wp\/v2\/product_tag?post=251"}],"curies":[{"name":"wp","href":"https:\/\/api.w.org\/{rel}","templated":true}]}}