{"id":252,"date":"2025-02-10T05:32:49","date_gmt":"2025-02-10T05:32:49","guid":{"rendered":"https:\/\/sillerobregon.art\/?product=ecuacion-tecnica-acrilico-barnizando-medidas-16-x-28-cms-ano-2024"},"modified":"2025-11-17T22:48:29","modified_gmt":"2025-11-18T04:48:29","slug":"ecuacion-tecnica-acrilico-barnizando-medidas-16-x-28-cms-ano-2024","status":"publish","type":"product","link":"https:\/\/sillerobregon.art\/fr\/product\/ecuacion-tecnica-acrilico-barnizando-medidas-16-x-28-cms-ano-2024\/","title":{"rendered":"&quot;\u00c9quation&quot;. Technique : Vernissage acrylique. Dimensions : 16 x 28 cm. Ann\u00e9e : 2024."},"content":{"rendered":"<p>Transformez votre espace avec \u00ab Equation \u00bb, une \u0153uvre acrylique abstraite de Siller Obreg\u00f3n. Procurez-vous cette pi\u00e8ce unique et authentique d\u00e8s aujourd&#039;hui !<\/p>","protected":false},"excerpt":{"rendered":"<p>Transformez votre espace avec \u00ab Equation \u00bb, une \u0153uvre acrylique abstraite de Siller Obreg\u00f3n. Procurez-vous cette pi\u00e8ce unique et authentique d\u00e8s aujourd&#039;hui !<\/p>","protected":false},"featured_media":603,"comment_status":"closed","ping_status":"closed","template":"","meta":[],"product_brand":[],"product_cat":[24,26],"product_tag":[],"class_list":{"0":"post-252","1":"product","2":"type-product","3":"status-publish","4":"has-post-thumbnail","6":"product_cat-arte-abstracto","7":"product_cat-arte-acrilico","9":"first","10":"instock","11":"purchasable","12":"product-type-simple"},"_links":{"self":[{"href":"https:\/\/sillerobregon.art\/fr\/wp-json\/wp\/v2\/product\/252","targetHints":{"allow":["GET"]}}],"collection":[{"href":"https:\/\/sillerobregon.art\/fr\/wp-json\/wp\/v2\/product"}],"about":[{"href":"https:\/\/sillerobregon.art\/fr\/wp-json\/wp\/v2\/types\/product"}],"replies":[{"embeddable":true,"href":"https:\/\/sillerobregon.art\/fr\/wp-json\/wp\/v2\/comments?post=252"}],"wp:featuredmedia":[{"embeddable":true,"href":"https:\/\/sillerobregon.art\/fr\/wp-json\/wp\/v2\/media\/603"}],"wp:attachment":[{"href":"https:\/\/sillerobregon.art\/fr\/wp-json\/wp\/v2\/media?parent=252"}],"wp:term":[{"taxonomy":"product_brand","embeddable":true,"href":"https:\/\/sillerobregon.art\/fr\/wp-json\/wp\/v2\/product_brand?post=252"},{"taxonomy":"product_cat","embeddable":true,"href":"https:\/\/sillerobregon.art\/fr\/wp-json\/wp\/v2\/product_cat?post=252"},{"taxonomy":"product_tag","embeddable":true,"href":"https:\/\/sillerobregon.art\/fr\/wp-json\/wp\/v2\/product_tag?post=252"}],"curies":[{"name":"wp","href":"https:\/\/api.w.org\/{rel}","templated":true}]}}