{"id":253,"date":"2025-02-10T05:32:49","date_gmt":"2025-02-10T05:32:49","guid":{"rendered":"https:\/\/sillerobregon.art\/?product=representantes-tecnica-acrilico-barnizando-medidas-16-x-28-cms-ano-2024"},"modified":"2025-11-17T22:48:46","modified_gmt":"2025-11-18T04:48:46","slug":"representantes-tecnica-acrilico-barnizando-medidas-16-x-28-cms-ano-2024","status":"publish","type":"product","link":"https:\/\/sillerobregon.art\/fr\/product\/representantes-tecnica-acrilico-barnizando-medidas-16-x-28-cms-ano-2024\/","title":{"rendered":"\u00abRepr\u00e9sentants\u00bb. Technique : Vernissage acrylique. Dimensions : 16 x 28 cm. Ann\u00e9e : 2024."},"content":{"rendered":"<p>Ajoutez \u00ab\u00a0Representantes\u00a0\u00bb de Siller Obreg\u00f3n \u00e0 votre int\u00e9rieur. Cette \u0153uvre acrylique de 16 x 28 cm est unique et authentique. Transformez votre int\u00e9rieur d\u00e8s aujourd&#039;hui\u00a0!<\/p>","protected":false},"excerpt":{"rendered":"<p>Ajoutez \u00ab\u00a0Representantes\u00a0\u00bb de Siller Obreg\u00f3n \u00e0 votre int\u00e9rieur. Cette \u0153uvre acrylique de 16 x 28 cm est unique et authentique. Transformez votre int\u00e9rieur d\u00e8s aujourd&#039;hui\u00a0!<\/p>","protected":false},"featured_media":604,"comment_status":"closed","ping_status":"closed","template":"","meta":[],"product_brand":[],"product_cat":[24,26],"product_tag":[],"class_list":{"0":"post-253","1":"product","2":"type-product","3":"status-publish","4":"has-post-thumbnail","6":"product_cat-arte-abstracto","7":"product_cat-arte-acrilico","9":"first","10":"instock","11":"purchasable","12":"product-type-simple"},"_links":{"self":[{"href":"https:\/\/sillerobregon.art\/fr\/wp-json\/wp\/v2\/product\/253","targetHints":{"allow":["GET"]}}],"collection":[{"href":"https:\/\/sillerobregon.art\/fr\/wp-json\/wp\/v2\/product"}],"about":[{"href":"https:\/\/sillerobregon.art\/fr\/wp-json\/wp\/v2\/types\/product"}],"replies":[{"embeddable":true,"href":"https:\/\/sillerobregon.art\/fr\/wp-json\/wp\/v2\/comments?post=253"}],"wp:featuredmedia":[{"embeddable":true,"href":"https:\/\/sillerobregon.art\/fr\/wp-json\/wp\/v2\/media\/604"}],"wp:attachment":[{"href":"https:\/\/sillerobregon.art\/fr\/wp-json\/wp\/v2\/media?parent=253"}],"wp:term":[{"taxonomy":"product_brand","embeddable":true,"href":"https:\/\/sillerobregon.art\/fr\/wp-json\/wp\/v2\/product_brand?post=253"},{"taxonomy":"product_cat","embeddable":true,"href":"https:\/\/sillerobregon.art\/fr\/wp-json\/wp\/v2\/product_cat?post=253"},{"taxonomy":"product_tag","embeddable":true,"href":"https:\/\/sillerobregon.art\/fr\/wp-json\/wp\/v2\/product_tag?post=253"}],"curies":[{"name":"wp","href":"https:\/\/api.w.org\/{rel}","templated":true}]}}