{"id":254,"date":"2025-02-10T05:32:49","date_gmt":"2025-02-10T05:32:49","guid":{"rendered":"https:\/\/sillerobregon.art\/?product=titulo-visionarios-tecnica-acrilico-barnizando-medidas-28-x-16-cms-ano-2024"},"modified":"2025-10-17T21:05:57","modified_gmt":"2025-10-18T03:05:57","slug":"titulo-visionarios-tecnica-acrilico-barnizando-medidas-28-x-16-cms-ano-2024","status":"publish","type":"product","link":"https:\/\/sillerobregon.art\/fr\/product\/titulo-visionarios-tecnica-acrilico-barnizando-medidas-28-x-16-cms-ano-2024\/","title":{"rendered":"Titre : \u00ab Visionnaires \u00bb. Technique : Vernis acrylique. Dimensions : 28 x 16 cm. Ann\u00e9e : 2024."},"content":{"rendered":"<p>Transformez votre int\u00e9rieur avec \u00ab Visionnaires \u00bb, une \u0153uvre acrylique unique de Siller Obreg\u00f3n. Achetez cette pi\u00e8ce exclusive et laissez libre cours \u00e0 votre cr\u00e9ativit\u00e9 d\u00e8s aujourd&#039;hui\u00a0!<\/p>","protected":false},"excerpt":{"rendered":"<p>Transformez votre int\u00e9rieur avec \u00ab Visionnaires \u00bb, une \u0153uvre acrylique unique de Siller Obreg\u00f3n. Achetez cette pi\u00e8ce exclusive et laissez libre cours \u00e0 votre cr\u00e9ativit\u00e9 d\u00e8s aujourd&#039;hui\u00a0!<\/p>","protected":false},"featured_media":605,"comment_status":"closed","ping_status":"open","template":"","meta":[],"product_brand":[],"product_cat":[24,26],"product_tag":[],"class_list":{"0":"post-254","1":"product","2":"type-product","3":"status-publish","4":"has-post-thumbnail","6":"product_cat-arte-abstracto","7":"product_cat-arte-acrilico","9":"first","10":"instock","11":"purchasable","12":"product-type-simple"},"_links":{"self":[{"href":"https:\/\/sillerobregon.art\/fr\/wp-json\/wp\/v2\/product\/254","targetHints":{"allow":["GET"]}}],"collection":[{"href":"https:\/\/sillerobregon.art\/fr\/wp-json\/wp\/v2\/product"}],"about":[{"href":"https:\/\/sillerobregon.art\/fr\/wp-json\/wp\/v2\/types\/product"}],"replies":[{"embeddable":true,"href":"https:\/\/sillerobregon.art\/fr\/wp-json\/wp\/v2\/comments?post=254"}],"wp:featuredmedia":[{"embeddable":true,"href":"https:\/\/sillerobregon.art\/fr\/wp-json\/wp\/v2\/media\/605"}],"wp:attachment":[{"href":"https:\/\/sillerobregon.art\/fr\/wp-json\/wp\/v2\/media?parent=254"}],"wp:term":[{"taxonomy":"product_brand","embeddable":true,"href":"https:\/\/sillerobregon.art\/fr\/wp-json\/wp\/v2\/product_brand?post=254"},{"taxonomy":"product_cat","embeddable":true,"href":"https:\/\/sillerobregon.art\/fr\/wp-json\/wp\/v2\/product_cat?post=254"},{"taxonomy":"product_tag","embeddable":true,"href":"https:\/\/sillerobregon.art\/fr\/wp-json\/wp\/v2\/product_tag?post=254"}],"curies":[{"name":"wp","href":"https:\/\/api.w.org\/{rel}","templated":true}]}}