{"id":256,"date":"2025-02-10T05:32:49","date_gmt":"2025-02-10T05:32:49","guid":{"rendered":"https:\/\/sillerobregon.art\/?product=cuerpos-celestes-tecnica-acrilico-barnizando-medidas-28-x-155-cms-ano-2024"},"modified":"2025-10-17T21:06:05","modified_gmt":"2025-10-18T03:06:05","slug":"cuerpos-celestes-tecnica-acrilico-barnizando-medidas-28-x-155-cms-ano-2024","status":"publish","type":"product","link":"https:\/\/sillerobregon.art\/fr\/product\/cuerpos-celestes-tecnica-acrilico-barnizando-medidas-28-x-155-cms-ano-2024\/","title":{"rendered":"\u00ab Corps c\u00e9lestes. \u00bb Technique : Vernissage acrylique. Dimensions : 28 x 15,5 cm. Ann\u00e9e : 2024."},"content":{"rendered":"<p>Achetez \u00ab\u00a0Corps c\u00e9lestes\u00a0\u00bb, une \u0153uvre acrylique unique de 2024. Donnez \u00e0 votre int\u00e9rieur une touche vibrante et contemporaine. Commandez d\u00e8s maintenant et transformez votre espace\u00a0!<\/p>","protected":false},"excerpt":{"rendered":"<p>Achetez \u00ab\u00a0Corps c\u00e9lestes\u00a0\u00bb, une \u0153uvre acrylique unique de 2024. Donnez \u00e0 votre int\u00e9rieur une touche vibrante et contemporaine. Commandez d\u00e8s maintenant et transformez votre espace\u00a0!<\/p>","protected":false},"featured_media":607,"comment_status":"closed","ping_status":"open","template":"","meta":[],"product_brand":[],"product_cat":[24,26],"product_tag":[],"class_list":{"0":"post-256","1":"product","2":"type-product","3":"status-publish","4":"has-post-thumbnail","6":"product_cat-arte-abstracto","7":"product_cat-arte-acrilico","9":"first","10":"instock","11":"purchasable","12":"product-type-simple"},"_links":{"self":[{"href":"https:\/\/sillerobregon.art\/fr\/wp-json\/wp\/v2\/product\/256","targetHints":{"allow":["GET"]}}],"collection":[{"href":"https:\/\/sillerobregon.art\/fr\/wp-json\/wp\/v2\/product"}],"about":[{"href":"https:\/\/sillerobregon.art\/fr\/wp-json\/wp\/v2\/types\/product"}],"replies":[{"embeddable":true,"href":"https:\/\/sillerobregon.art\/fr\/wp-json\/wp\/v2\/comments?post=256"}],"wp:featuredmedia":[{"embeddable":true,"href":"https:\/\/sillerobregon.art\/fr\/wp-json\/wp\/v2\/media\/607"}],"wp:attachment":[{"href":"https:\/\/sillerobregon.art\/fr\/wp-json\/wp\/v2\/media?parent=256"}],"wp:term":[{"taxonomy":"product_brand","embeddable":true,"href":"https:\/\/sillerobregon.art\/fr\/wp-json\/wp\/v2\/product_brand?post=256"},{"taxonomy":"product_cat","embeddable":true,"href":"https:\/\/sillerobregon.art\/fr\/wp-json\/wp\/v2\/product_cat?post=256"},{"taxonomy":"product_tag","embeddable":true,"href":"https:\/\/sillerobregon.art\/fr\/wp-json\/wp\/v2\/product_tag?post=256"}],"curies":[{"name":"wp","href":"https:\/\/api.w.org\/{rel}","templated":true}]}}