{"id":259,"date":"2025-02-10T05:32:49","date_gmt":"2025-02-10T05:32:49","guid":{"rendered":"https:\/\/sillerobregon.art\/?product=costeando-tecnica-oleo-carton-medidas-495-x-28-cms-ano-2020"},"modified":"2025-10-17T21:06:05","modified_gmt":"2025-10-18T03:06:05","slug":"costeando-tecnica-oleo-carton-medidas-495-x-28-cms-ano-2020","status":"publish","type":"product","link":"https:\/\/sillerobregon.art\/fr\/product\/costeando-tecnica-oleo-carton-medidas-495-x-28-cms-ano-2020\/","title":{"rendered":"\u00abC\u00f4te-\u00e0-c\u00f4te\u00bb. Technique : Huile \/ carton. Dimensions : 49,5 x 28 cm. Ann\u00e9e : 2020."},"content":{"rendered":"<p>D\u00e9couvrez \u00ab\u00a0Costeando\u00a0\u00bb, une \u0153uvre unique de Siller Obreg\u00f3n. Ajoutez une touche d&#039;art vibrante et sophistiqu\u00e9e \u00e0 votre int\u00e9rieur. Achetez cette pi\u00e8ce exclusive d\u00e8s aujourd&#039;hui\u00a0!<\/p>","protected":false},"excerpt":{"rendered":"<p>D\u00e9couvrez \u00ab\u00a0Costeando\u00a0\u00bb, une \u0153uvre unique de Siller Obreg\u00f3n. Ajoutez une touche d&#039;art vibrante et sophistiqu\u00e9e \u00e0 votre int\u00e9rieur. Achetez cette pi\u00e8ce exclusive d\u00e8s aujourd&#039;hui\u00a0!<\/p>","protected":false},"featured_media":582,"comment_status":"closed","ping_status":"open","template":"","meta":[],"product_brand":[],"product_cat":[24,23],"product_tag":[],"class_list":{"0":"post-259","1":"product","2":"type-product","3":"status-publish","4":"has-post-thumbnail","6":"product_cat-arte-abstracto","7":"product_cat-arte-oleo","9":"first","10":"instock","11":"purchasable","12":"product-type-simple"},"_links":{"self":[{"href":"https:\/\/sillerobregon.art\/fr\/wp-json\/wp\/v2\/product\/259","targetHints":{"allow":["GET"]}}],"collection":[{"href":"https:\/\/sillerobregon.art\/fr\/wp-json\/wp\/v2\/product"}],"about":[{"href":"https:\/\/sillerobregon.art\/fr\/wp-json\/wp\/v2\/types\/product"}],"replies":[{"embeddable":true,"href":"https:\/\/sillerobregon.art\/fr\/wp-json\/wp\/v2\/comments?post=259"}],"wp:featuredmedia":[{"embeddable":true,"href":"https:\/\/sillerobregon.art\/fr\/wp-json\/wp\/v2\/media\/582"}],"wp:attachment":[{"href":"https:\/\/sillerobregon.art\/fr\/wp-json\/wp\/v2\/media?parent=259"}],"wp:term":[{"taxonomy":"product_brand","embeddable":true,"href":"https:\/\/sillerobregon.art\/fr\/wp-json\/wp\/v2\/product_brand?post=259"},{"taxonomy":"product_cat","embeddable":true,"href":"https:\/\/sillerobregon.art\/fr\/wp-json\/wp\/v2\/product_cat?post=259"},{"taxonomy":"product_tag","embeddable":true,"href":"https:\/\/sillerobregon.art\/fr\/wp-json\/wp\/v2\/product_tag?post=259"}],"curies":[{"name":"wp","href":"https:\/\/api.w.org\/{rel}","templated":true}]}}