{"id":260,"date":"2025-02-10T05:32:49","date_gmt":"2025-02-10T05:32:49","guid":{"rendered":"https:\/\/sillerobregon.art\/?product=vision-tropical-tecnica-oleo-carton-medidas-48-x-28-cms-ano-2022"},"modified":"2025-11-17T22:33:38","modified_gmt":"2025-11-18T04:33:38","slug":"vision-tropical-tecnica-oleo-carton-medidas-48-x-28-cms-ano-2022","status":"publish","type":"product","link":"https:\/\/sillerobregon.art\/fr\/product\/vision-tropical-tecnica-oleo-carton-medidas-48-x-28-cms-ano-2022\/","title":{"rendered":"\u00abVision tropicale\u00bb. Technique : Huile \/ carton. Dimensions : 48 x 28 cm. Ann\u00e9e : 2022."},"content":{"rendered":"<p>Transformez votre maison avec Tropical Vision. Cette \u0153uvre contemporaine de Siller Obreg\u00f3n est unique et authentique, id\u00e9ale pour ajouter de la couleur et du style. Obtenez le v\u00f4tre maintenant !<\/p>","protected":false},"excerpt":{"rendered":"<p>Transformez votre maison avec Tropical Vision. Cette \u0153uvre contemporaine de Siller Obreg\u00f3n est unique et authentique, id\u00e9ale pour ajouter de la couleur et du style. Obtenez le v\u00f4tre maintenant !<\/p>","protected":false},"featured_media":583,"comment_status":"closed","ping_status":"closed","template":"","meta":[],"product_brand":[],"product_cat":[24,23],"product_tag":[],"class_list":{"0":"post-260","1":"product","2":"type-product","3":"status-publish","4":"has-post-thumbnail","6":"product_cat-arte-abstracto","7":"product_cat-arte-oleo","9":"first","10":"instock","11":"purchasable","12":"product-type-simple"},"_links":{"self":[{"href":"https:\/\/sillerobregon.art\/fr\/wp-json\/wp\/v2\/product\/260","targetHints":{"allow":["GET"]}}],"collection":[{"href":"https:\/\/sillerobregon.art\/fr\/wp-json\/wp\/v2\/product"}],"about":[{"href":"https:\/\/sillerobregon.art\/fr\/wp-json\/wp\/v2\/types\/product"}],"replies":[{"embeddable":true,"href":"https:\/\/sillerobregon.art\/fr\/wp-json\/wp\/v2\/comments?post=260"}],"wp:featuredmedia":[{"embeddable":true,"href":"https:\/\/sillerobregon.art\/fr\/wp-json\/wp\/v2\/media\/583"}],"wp:attachment":[{"href":"https:\/\/sillerobregon.art\/fr\/wp-json\/wp\/v2\/media?parent=260"}],"wp:term":[{"taxonomy":"product_brand","embeddable":true,"href":"https:\/\/sillerobregon.art\/fr\/wp-json\/wp\/v2\/product_brand?post=260"},{"taxonomy":"product_cat","embeddable":true,"href":"https:\/\/sillerobregon.art\/fr\/wp-json\/wp\/v2\/product_cat?post=260"},{"taxonomy":"product_tag","embeddable":true,"href":"https:\/\/sillerobregon.art\/fr\/wp-json\/wp\/v2\/product_tag?post=260"}],"curies":[{"name":"wp","href":"https:\/\/api.w.org\/{rel}","templated":true}]}}