{"id":262,"date":"2025-02-10T05:32:58","date_gmt":"2025-02-10T05:32:58","guid":{"rendered":"https:\/\/sillerobregon.art\/?product=mercuriano-tecnica-oleo-carton-medidas-47-x-255-cms-ano-2020"},"modified":"2025-11-17T22:16:27","modified_gmt":"2025-11-18T04:16:27","slug":"mercuriano-tecnica-oleo-carton-medidas-47-x-255-cms-ano-2020","status":"publish","type":"product","link":"https:\/\/sillerobregon.art\/fr\/product\/mercuriano-tecnica-oleo-carton-medidas-47-x-255-cms-ano-2020\/","title":{"rendered":"\u00abMercurien\u00bb. Technique : Huile \/ carton. Dimensions : 47 x 25,5 cm. Ann\u00e9e : 2020."},"content":{"rendered":"<p>D\u00e9couvrez \u00ab\u00a0Mercuriano\u00a0\u00bb, une \u0153uvre unique de Siller Obreg\u00f3n. Ajoutez une touche d&#039;art vibrante \u00e0 votre int\u00e9rieur. Achetez-la d\u00e8s maintenant et transformez votre int\u00e9rieur\u00a0!<\/p>","protected":false},"excerpt":{"rendered":"<p>D\u00e9couvrez \u00ab\u00a0Mercuriano\u00a0\u00bb, une \u0153uvre unique de Siller Obreg\u00f3n. Ajoutez une touche d&#039;art vibrante \u00e0 votre int\u00e9rieur. Achetez-la d\u00e8s maintenant et transformez votre int\u00e9rieur\u00a0!<\/p>","protected":false},"featured_media":585,"comment_status":"closed","ping_status":"closed","template":"","meta":[],"product_brand":[],"product_cat":[24,23],"product_tag":[],"class_list":{"0":"post-262","1":"product","2":"type-product","3":"status-publish","4":"has-post-thumbnail","6":"product_cat-arte-abstracto","7":"product_cat-arte-oleo","9":"first","10":"instock","11":"purchasable","12":"product-type-simple"},"_links":{"self":[{"href":"https:\/\/sillerobregon.art\/fr\/wp-json\/wp\/v2\/product\/262","targetHints":{"allow":["GET"]}}],"collection":[{"href":"https:\/\/sillerobregon.art\/fr\/wp-json\/wp\/v2\/product"}],"about":[{"href":"https:\/\/sillerobregon.art\/fr\/wp-json\/wp\/v2\/types\/product"}],"replies":[{"embeddable":true,"href":"https:\/\/sillerobregon.art\/fr\/wp-json\/wp\/v2\/comments?post=262"}],"wp:featuredmedia":[{"embeddable":true,"href":"https:\/\/sillerobregon.art\/fr\/wp-json\/wp\/v2\/media\/585"}],"wp:attachment":[{"href":"https:\/\/sillerobregon.art\/fr\/wp-json\/wp\/v2\/media?parent=262"}],"wp:term":[{"taxonomy":"product_brand","embeddable":true,"href":"https:\/\/sillerobregon.art\/fr\/wp-json\/wp\/v2\/product_brand?post=262"},{"taxonomy":"product_cat","embeddable":true,"href":"https:\/\/sillerobregon.art\/fr\/wp-json\/wp\/v2\/product_cat?post=262"},{"taxonomy":"product_tag","embeddable":true,"href":"https:\/\/sillerobregon.art\/fr\/wp-json\/wp\/v2\/product_tag?post=262"}],"curies":[{"name":"wp","href":"https:\/\/api.w.org\/{rel}","templated":true}]}}