{"id":264,"date":"2025-02-10T05:32:58","date_gmt":"2025-02-10T05:32:58","guid":{"rendered":"https:\/\/sillerobregon.art\/?product=asteroideo-tecnica-oleo-carton-medidas-495-x-28-cms-ano-2020"},"modified":"2025-11-17T22:17:24","modified_gmt":"2025-11-18T04:17:24","slug":"asteroideo-tecnica-oleo-carton-medidas-495-x-28-cms-ano-2020","status":"publish","type":"product","link":"https:\/\/sillerobregon.art\/fr\/product\/asteroideo-tecnica-oleo-carton-medidas-495-x-28-cms-ano-2020\/","title":{"rendered":"&quot;Ast\u00e9ro\u00efde.&quot; Technique : Huile \/ carton. Dimensions : 49,5 x 28 cm. Ann\u00e9e : 2020."},"content":{"rendered":"<p>Achetez \u00ab\u00a0Asteroideo\u00a0\u00bb, une \u0153uvre vibrante de Siller Obreg\u00f3n. D\u00e9corez votre int\u00e9rieur avec cette \u0153uvre unique de 2020. Transformez votre espace artistique d\u00e8s aujourd&#039;hui\u00a0!<\/p>","protected":false},"excerpt":{"rendered":"<p>Achetez \u00ab\u00a0Asteroideo\u00a0\u00bb, une \u0153uvre vibrante de Siller Obreg\u00f3n. D\u00e9corez votre int\u00e9rieur avec cette \u0153uvre unique de 2020. Transformez votre espace artistique d\u00e8s aujourd&#039;hui\u00a0!<\/p>","protected":false},"featured_media":587,"comment_status":"closed","ping_status":"closed","template":"","meta":[],"product_brand":[],"product_cat":[24,23],"product_tag":[],"class_list":{"0":"post-264","1":"product","2":"type-product","3":"status-publish","4":"has-post-thumbnail","6":"product_cat-arte-abstracto","7":"product_cat-arte-oleo","9":"first","10":"instock","11":"purchasable","12":"product-type-simple"},"_links":{"self":[{"href":"https:\/\/sillerobregon.art\/fr\/wp-json\/wp\/v2\/product\/264","targetHints":{"allow":["GET"]}}],"collection":[{"href":"https:\/\/sillerobregon.art\/fr\/wp-json\/wp\/v2\/product"}],"about":[{"href":"https:\/\/sillerobregon.art\/fr\/wp-json\/wp\/v2\/types\/product"}],"replies":[{"embeddable":true,"href":"https:\/\/sillerobregon.art\/fr\/wp-json\/wp\/v2\/comments?post=264"}],"wp:featuredmedia":[{"embeddable":true,"href":"https:\/\/sillerobregon.art\/fr\/wp-json\/wp\/v2\/media\/587"}],"wp:attachment":[{"href":"https:\/\/sillerobregon.art\/fr\/wp-json\/wp\/v2\/media?parent=264"}],"wp:term":[{"taxonomy":"product_brand","embeddable":true,"href":"https:\/\/sillerobregon.art\/fr\/wp-json\/wp\/v2\/product_brand?post=264"},{"taxonomy":"product_cat","embeddable":true,"href":"https:\/\/sillerobregon.art\/fr\/wp-json\/wp\/v2\/product_cat?post=264"},{"taxonomy":"product_tag","embeddable":true,"href":"https:\/\/sillerobregon.art\/fr\/wp-json\/wp\/v2\/product_tag?post=264"}],"curies":[{"name":"wp","href":"https:\/\/api.w.org\/{rel}","templated":true}]}}