{"id":265,"date":"2025-02-10T05:32:58","date_gmt":"2025-02-10T05:32:58","guid":{"rendered":"https:\/\/sillerobregon.art\/?product=solarium-tecnica-oleo-carton-medidas-50-x-485-cms-ano-2021"},"modified":"2025-11-17T22:19:04","modified_gmt":"2025-11-18T04:19:04","slug":"solarium-tecnica-oleo-carton-medidas-50-x-485-cms-ano-2021","status":"publish","type":"product","link":"https:\/\/sillerobregon.art\/fr\/product\/solarium-tecnica-oleo-carton-medidas-50-x-485-cms-ano-2021\/","title":{"rendered":"&quot;Solarium&quot;. Technique : Huile \/ carton. Dimensions : 50 x 48,5 cm. Ann\u00e9e : 2021."},"content":{"rendered":"<p>Achetez \u00ab\u00a0Solarium\u00a0\u00bb, une \u0153uvre d&#039;art unique de Siller Obreg\u00f3n. Apportez cr\u00e9ativit\u00e9 et style \u00e0 votre int\u00e9rieur. Transformez votre espace d\u00e8s aujourd&#039;hui\u00a0!<\/p>","protected":false},"excerpt":{"rendered":"<p>Achetez \u00ab\u00a0Solarium\u00a0\u00bb, une \u0153uvre d&#039;art unique de Siller Obreg\u00f3n. Apportez cr\u00e9ativit\u00e9 et style \u00e0 votre int\u00e9rieur. Transformez votre espace d\u00e8s aujourd&#039;hui\u00a0!<\/p>","protected":false},"featured_media":633,"comment_status":"closed","ping_status":"closed","template":"","meta":[],"product_brand":[],"product_cat":[24,23],"product_tag":[],"class_list":{"0":"post-265","1":"product","2":"type-product","3":"status-publish","4":"has-post-thumbnail","6":"product_cat-arte-abstracto","7":"product_cat-arte-oleo","9":"first","10":"instock","11":"sale","12":"purchasable","13":"product-type-simple"},"_links":{"self":[{"href":"https:\/\/sillerobregon.art\/fr\/wp-json\/wp\/v2\/product\/265","targetHints":{"allow":["GET"]}}],"collection":[{"href":"https:\/\/sillerobregon.art\/fr\/wp-json\/wp\/v2\/product"}],"about":[{"href":"https:\/\/sillerobregon.art\/fr\/wp-json\/wp\/v2\/types\/product"}],"replies":[{"embeddable":true,"href":"https:\/\/sillerobregon.art\/fr\/wp-json\/wp\/v2\/comments?post=265"}],"wp:featuredmedia":[{"embeddable":true,"href":"https:\/\/sillerobregon.art\/fr\/wp-json\/wp\/v2\/media\/633"}],"wp:attachment":[{"href":"https:\/\/sillerobregon.art\/fr\/wp-json\/wp\/v2\/media?parent=265"}],"wp:term":[{"taxonomy":"product_brand","embeddable":true,"href":"https:\/\/sillerobregon.art\/fr\/wp-json\/wp\/v2\/product_brand?post=265"},{"taxonomy":"product_cat","embeddable":true,"href":"https:\/\/sillerobregon.art\/fr\/wp-json\/wp\/v2\/product_cat?post=265"},{"taxonomy":"product_tag","embeddable":true,"href":"https:\/\/sillerobregon.art\/fr\/wp-json\/wp\/v2\/product_tag?post=265"}],"curies":[{"name":"wp","href":"https:\/\/api.w.org\/{rel}","templated":true}]}}