{"id":266,"date":"2025-02-10T05:32:58","date_gmt":"2025-02-10T05:32:58","guid":{"rendered":"https:\/\/sillerobregon.art\/?product=astrofisica-tecnica-oleo-carton-medidas-50-x-285-cms-ano-2020"},"modified":"2025-11-17T22:20:43","modified_gmt":"2025-11-18T04:20:43","slug":"astrofisica-tecnica-oleo-carton-medidas-50-x-285-cms-ano-2020","status":"publish","type":"product","link":"https:\/\/sillerobregon.art\/fr\/product\/astrofisica-tecnica-oleo-carton-medidas-50-x-285-cms-ano-2020\/","title":{"rendered":"&quot;Astrophysique&quot;. Technique : Huile \/ carton. Dimensions : 50 x 28,5 cm. Ann\u00e9e : 2020."},"content":{"rendered":"<p>D\u00e9couvrez \u00ab\u00a0Astrophysique\u00a0\u00bb, une peinture \u00e0 l&#039;huile unique qui transformera votre int\u00e9rieur. Apportez cr\u00e9ativit\u00e9 et style \u00e0 votre d\u00e9coration avec cette \u0153uvre exclusive\u00a0!<\/p>","protected":false},"excerpt":{"rendered":"<p>D\u00e9couvrez \u00ab\u00a0Astrophysique\u00a0\u00bb, une peinture \u00e0 l&#039;huile unique qui transformera votre int\u00e9rieur. Apportez cr\u00e9ativit\u00e9 et style \u00e0 votre d\u00e9coration avec cette \u0153uvre exclusive\u00a0!<\/p>","protected":false},"featured_media":634,"comment_status":"closed","ping_status":"closed","template":"","meta":[],"product_brand":[],"product_cat":[24,23],"product_tag":[],"class_list":{"0":"post-266","1":"product","2":"type-product","3":"status-publish","4":"has-post-thumbnail","6":"product_cat-arte-abstracto","7":"product_cat-arte-oleo","9":"first","10":"instock","11":"sale","12":"purchasable","13":"product-type-simple"},"_links":{"self":[{"href":"https:\/\/sillerobregon.art\/fr\/wp-json\/wp\/v2\/product\/266","targetHints":{"allow":["GET"]}}],"collection":[{"href":"https:\/\/sillerobregon.art\/fr\/wp-json\/wp\/v2\/product"}],"about":[{"href":"https:\/\/sillerobregon.art\/fr\/wp-json\/wp\/v2\/types\/product"}],"replies":[{"embeddable":true,"href":"https:\/\/sillerobregon.art\/fr\/wp-json\/wp\/v2\/comments?post=266"}],"wp:featuredmedia":[{"embeddable":true,"href":"https:\/\/sillerobregon.art\/fr\/wp-json\/wp\/v2\/media\/634"}],"wp:attachment":[{"href":"https:\/\/sillerobregon.art\/fr\/wp-json\/wp\/v2\/media?parent=266"}],"wp:term":[{"taxonomy":"product_brand","embeddable":true,"href":"https:\/\/sillerobregon.art\/fr\/wp-json\/wp\/v2\/product_brand?post=266"},{"taxonomy":"product_cat","embeddable":true,"href":"https:\/\/sillerobregon.art\/fr\/wp-json\/wp\/v2\/product_cat?post=266"},{"taxonomy":"product_tag","embeddable":true,"href":"https:\/\/sillerobregon.art\/fr\/wp-json\/wp\/v2\/product_tag?post=266"}],"curies":[{"name":"wp","href":"https:\/\/api.w.org\/{rel}","templated":true}]}}