{"id":267,"date":"2025-02-10T05:32:58","date_gmt":"2025-02-10T05:32:58","guid":{"rendered":"https:\/\/sillerobregon.art\/?product=visitantes-tecnica-acrilico-barnizando-medidas-15-x-215-cms-ano-2024"},"modified":"2025-11-17T22:21:29","modified_gmt":"2025-11-18T04:21:29","slug":"visitantes-tecnica-acrilico-barnizando-medidas-15-x-215-cms-ano-2024","status":"publish","type":"product","link":"https:\/\/sillerobregon.art\/fr\/product\/visitantes-tecnica-acrilico-barnizando-medidas-15-x-215-cms-ano-2024\/","title":{"rendered":"\u00abVisiteurs\u00bb. Technique : Vernissage acrylique. Dimensions : 15 x 21,5 cm. Ann\u00e9e : 2024."},"content":{"rendered":"<p>Achetez \u00ab\u00a0Visiteurs\u00a0\u00bb, une \u0153uvre d&#039;art acrylique unique. Donnez vie \u00e0 votre int\u00e9rieur gr\u00e2ce \u00e0 son style contemporain et \u00e0 son certificat d&#039;authenticit\u00e9. Commandez maintenant\u00a0!<\/p>","protected":false},"excerpt":{"rendered":"<p>Achetez \u00ab\u00a0Visiteurs\u00a0\u00bb, une \u0153uvre d&#039;art acrylique unique. Donnez vie \u00e0 votre int\u00e9rieur gr\u00e2ce \u00e0 son style contemporain et \u00e0 son certificat d&#039;authenticit\u00e9. Commandez maintenant\u00a0!<\/p>","protected":false},"featured_media":635,"comment_status":"closed","ping_status":"closed","template":"","meta":[],"product_brand":[],"product_cat":[24,26],"product_tag":[],"class_list":{"0":"post-267","1":"product","2":"type-product","3":"status-publish","4":"has-post-thumbnail","6":"product_cat-arte-abstracto","7":"product_cat-arte-acrilico","9":"first","10":"instock","11":"purchasable","12":"product-type-simple"},"_links":{"self":[{"href":"https:\/\/sillerobregon.art\/fr\/wp-json\/wp\/v2\/product\/267","targetHints":{"allow":["GET"]}}],"collection":[{"href":"https:\/\/sillerobregon.art\/fr\/wp-json\/wp\/v2\/product"}],"about":[{"href":"https:\/\/sillerobregon.art\/fr\/wp-json\/wp\/v2\/types\/product"}],"replies":[{"embeddable":true,"href":"https:\/\/sillerobregon.art\/fr\/wp-json\/wp\/v2\/comments?post=267"}],"wp:featuredmedia":[{"embeddable":true,"href":"https:\/\/sillerobregon.art\/fr\/wp-json\/wp\/v2\/media\/635"}],"wp:attachment":[{"href":"https:\/\/sillerobregon.art\/fr\/wp-json\/wp\/v2\/media?parent=267"}],"wp:term":[{"taxonomy":"product_brand","embeddable":true,"href":"https:\/\/sillerobregon.art\/fr\/wp-json\/wp\/v2\/product_brand?post=267"},{"taxonomy":"product_cat","embeddable":true,"href":"https:\/\/sillerobregon.art\/fr\/wp-json\/wp\/v2\/product_cat?post=267"},{"taxonomy":"product_tag","embeddable":true,"href":"https:\/\/sillerobregon.art\/fr\/wp-json\/wp\/v2\/product_tag?post=267"}],"curies":[{"name":"wp","href":"https:\/\/api.w.org\/{rel}","templated":true}]}}