{"id":269,"date":"2025-02-10T05:32:58","date_gmt":"2025-02-10T05:32:58","guid":{"rendered":"https:\/\/sillerobregon.art\/?product=te-veo-tecnica-acrilico-barnizando-medidas-215-x-15-cms-ano-2024"},"modified":"2025-11-17T22:22:16","modified_gmt":"2025-11-18T04:22:16","slug":"te-veo-tecnica-acrilico-barnizando-medidas-215-x-15-cms-ano-2024","status":"publish","type":"product","link":"https:\/\/sillerobregon.art\/fr\/product\/te-veo-tecnica-acrilico-barnizando-medidas-215-x-15-cms-ano-2024\/","title":{"rendered":"&quot;Je te vois.&quot; Technique : Vernissage acrylique. Dimensions : 21,5 x 15 cm. Ann\u00e9e : 2024."},"content":{"rendered":"<p>Achetez \u00ab\u00a0I See You\u00a0\u00bb, une \u0153uvre acrylique abstraite de 21,5 x 15\u00a0cm. Apportez une touche contemporaine \u00e0 votre int\u00e9rieur. \u00c9gayez votre quotidien avec des \u0153uvres d&#039;art authentiques\u00a0!<\/p>","protected":false},"excerpt":{"rendered":"<p>Achetez \u00ab\u00a0I See You\u00a0\u00bb, une \u0153uvre acrylique abstraite de 21,5 x 15\u00a0cm. Apportez une touche contemporaine \u00e0 votre int\u00e9rieur. \u00c9gayez votre quotidien avec des \u0153uvres d&#039;art authentiques\u00a0!<\/p>","protected":false},"featured_media":637,"comment_status":"closed","ping_status":"closed","template":"","meta":[],"product_brand":[],"product_cat":[24,26],"product_tag":[],"class_list":{"0":"post-269","1":"product","2":"type-product","3":"status-publish","4":"has-post-thumbnail","6":"product_cat-arte-abstracto","7":"product_cat-arte-acrilico","9":"first","10":"instock","11":"purchasable","12":"product-type-simple"},"_links":{"self":[{"href":"https:\/\/sillerobregon.art\/fr\/wp-json\/wp\/v2\/product\/269","targetHints":{"allow":["GET"]}}],"collection":[{"href":"https:\/\/sillerobregon.art\/fr\/wp-json\/wp\/v2\/product"}],"about":[{"href":"https:\/\/sillerobregon.art\/fr\/wp-json\/wp\/v2\/types\/product"}],"replies":[{"embeddable":true,"href":"https:\/\/sillerobregon.art\/fr\/wp-json\/wp\/v2\/comments?post=269"}],"wp:featuredmedia":[{"embeddable":true,"href":"https:\/\/sillerobregon.art\/fr\/wp-json\/wp\/v2\/media\/637"}],"wp:attachment":[{"href":"https:\/\/sillerobregon.art\/fr\/wp-json\/wp\/v2\/media?parent=269"}],"wp:term":[{"taxonomy":"product_brand","embeddable":true,"href":"https:\/\/sillerobregon.art\/fr\/wp-json\/wp\/v2\/product_brand?post=269"},{"taxonomy":"product_cat","embeddable":true,"href":"https:\/\/sillerobregon.art\/fr\/wp-json\/wp\/v2\/product_cat?post=269"},{"taxonomy":"product_tag","embeddable":true,"href":"https:\/\/sillerobregon.art\/fr\/wp-json\/wp\/v2\/product_tag?post=269"}],"curies":[{"name":"wp","href":"https:\/\/api.w.org\/{rel}","templated":true}]}}