{"id":270,"date":"2025-02-10T05:32:58","date_gmt":"2025-02-10T05:32:58","guid":{"rendered":"https:\/\/sillerobregon.art\/?product=dragon-tecnica-acrilico-barnizado-medidas-215-x-15-cms-ano-2024"},"modified":"2025-11-17T22:23:05","modified_gmt":"2025-11-18T04:23:05","slug":"dragon-tecnica-acrilico-barnizado-medidas-215-x-15-cms-ano-2024","status":"publish","type":"product","link":"https:\/\/sillerobregon.art\/fr\/product\/dragon-tecnica-acrilico-barnizado-medidas-215-x-15-cms-ano-2024\/","title":{"rendered":"&quot;Dragon&quot;. Technique : Acrylique vernie. Dimensions : 21,5 x 15 cm. Ann\u00e9e : 2024."},"content":{"rendered":"<p>D\u00e9couvrez \u00ab\u00a0Dragon\u00a0\u00bb, une \u0153uvre acrylique vernie de 21,5 x 15\u00a0cm. Apportez une touche artistique et unique \u00e0 votre int\u00e9rieur. Procurez-vous votre pi\u00e8ce unique d\u00e8s aujourd&#039;hui\u00a0!<\/p>","protected":false},"excerpt":{"rendered":"<p>D\u00e9couvrez \u00ab\u00a0Dragon\u00a0\u00bb, une \u0153uvre acrylique vernie de 21,5 x 15\u00a0cm. Apportez une touche artistique et unique \u00e0 votre int\u00e9rieur. Procurez-vous votre pi\u00e8ce unique d\u00e8s aujourd&#039;hui\u00a0!<\/p>","protected":false},"featured_media":638,"comment_status":"closed","ping_status":"closed","template":"","meta":[],"product_brand":[],"product_cat":[24,26],"product_tag":[],"class_list":{"0":"post-270","1":"product","2":"type-product","3":"status-publish","4":"has-post-thumbnail","6":"product_cat-arte-abstracto","7":"product_cat-arte-acrilico","9":"first","10":"instock","11":"purchasable","12":"product-type-simple"},"_links":{"self":[{"href":"https:\/\/sillerobregon.art\/fr\/wp-json\/wp\/v2\/product\/270","targetHints":{"allow":["GET"]}}],"collection":[{"href":"https:\/\/sillerobregon.art\/fr\/wp-json\/wp\/v2\/product"}],"about":[{"href":"https:\/\/sillerobregon.art\/fr\/wp-json\/wp\/v2\/types\/product"}],"replies":[{"embeddable":true,"href":"https:\/\/sillerobregon.art\/fr\/wp-json\/wp\/v2\/comments?post=270"}],"wp:featuredmedia":[{"embeddable":true,"href":"https:\/\/sillerobregon.art\/fr\/wp-json\/wp\/v2\/media\/638"}],"wp:attachment":[{"href":"https:\/\/sillerobregon.art\/fr\/wp-json\/wp\/v2\/media?parent=270"}],"wp:term":[{"taxonomy":"product_brand","embeddable":true,"href":"https:\/\/sillerobregon.art\/fr\/wp-json\/wp\/v2\/product_brand?post=270"},{"taxonomy":"product_cat","embeddable":true,"href":"https:\/\/sillerobregon.art\/fr\/wp-json\/wp\/v2\/product_cat?post=270"},{"taxonomy":"product_tag","embeddable":true,"href":"https:\/\/sillerobregon.art\/fr\/wp-json\/wp\/v2\/product_tag?post=270"}],"curies":[{"name":"wp","href":"https:\/\/api.w.org\/{rel}","templated":true}]}}