{"id":271,"date":"2025-02-10T05:32:58","date_gmt":"2025-02-10T05:32:58","guid":{"rendered":"https:\/\/sillerobregon.art\/?product=la-bruja-tecnica-acrilico-medidas-34-x-27-cms-ano-2023"},"modified":"2025-11-17T22:23:56","modified_gmt":"2025-11-18T04:23:56","slug":"la-bruja-tecnica-acrilico-medidas-34-x-27-cms-ano-2023","status":"publish","type":"product","link":"https:\/\/sillerobregon.art\/fr\/product\/la-bruja-tecnica-acrilico-medidas-34-x-27-cms-ano-2023\/","title":{"rendered":"\u00ab\u00a0La Sorci\u00e8re\u00a0\u00bb. Technique\u00a0: Acrylique. Dimensions\u00a0: 34 x 27\u00a0cm. Ann\u00e9e\u00a0: 2023."},"content":{"rendered":"<p>D\u00e9couvrez \u00ab\u00a0La Sorci\u00e8re\u00a0\u00bb, une \u0153uvre acrylique unique de 34 x 27\u00a0cm. Apportez une touche contemporaine et exclusive \u00e0 votre int\u00e9rieur. Personnalisez-la d\u00e8s aujourd&#039;hui\u00a0!<\/p>","protected":false},"excerpt":{"rendered":"<p>D\u00e9couvrez \u00ab\u00a0La Sorci\u00e8re\u00a0\u00bb, une \u0153uvre acrylique unique de 34 x 27\u00a0cm. Apportez une touche contemporaine et exclusive \u00e0 votre int\u00e9rieur. Personnalisez-la d\u00e8s aujourd&#039;hui\u00a0!<\/p>","protected":false},"featured_media":639,"comment_status":"closed","ping_status":"closed","template":"","meta":[],"product_brand":[],"product_cat":[24,26],"product_tag":[],"class_list":{"0":"post-271","1":"product","2":"type-product","3":"status-publish","4":"has-post-thumbnail","6":"product_cat-arte-abstracto","7":"product_cat-arte-acrilico","9":"first","10":"instock","11":"sale","12":"purchasable","13":"product-type-simple"},"_links":{"self":[{"href":"https:\/\/sillerobregon.art\/fr\/wp-json\/wp\/v2\/product\/271","targetHints":{"allow":["GET"]}}],"collection":[{"href":"https:\/\/sillerobregon.art\/fr\/wp-json\/wp\/v2\/product"}],"about":[{"href":"https:\/\/sillerobregon.art\/fr\/wp-json\/wp\/v2\/types\/product"}],"replies":[{"embeddable":true,"href":"https:\/\/sillerobregon.art\/fr\/wp-json\/wp\/v2\/comments?post=271"}],"wp:featuredmedia":[{"embeddable":true,"href":"https:\/\/sillerobregon.art\/fr\/wp-json\/wp\/v2\/media\/639"}],"wp:attachment":[{"href":"https:\/\/sillerobregon.art\/fr\/wp-json\/wp\/v2\/media?parent=271"}],"wp:term":[{"taxonomy":"product_brand","embeddable":true,"href":"https:\/\/sillerobregon.art\/fr\/wp-json\/wp\/v2\/product_brand?post=271"},{"taxonomy":"product_cat","embeddable":true,"href":"https:\/\/sillerobregon.art\/fr\/wp-json\/wp\/v2\/product_cat?post=271"},{"taxonomy":"product_tag","embeddable":true,"href":"https:\/\/sillerobregon.art\/fr\/wp-json\/wp\/v2\/product_tag?post=271"}],"curies":[{"name":"wp","href":"https:\/\/api.w.org\/{rel}","templated":true}]}}