{"id":272,"date":"2025-02-10T05:32:58","date_gmt":"2025-02-10T05:32:58","guid":{"rendered":"https:\/\/sillerobregon.art\/?product=lunada-tecnica-acrilico-medidas-27-x-34-cms-ano-2023"},"modified":"2025-11-17T22:25:42","modified_gmt":"2025-11-18T04:25:42","slug":"lunada-tecnica-acrilico-medidas-27-x-34-cms-ano-2023","status":"publish","type":"product","link":"https:\/\/sillerobregon.art\/fr\/product\/lunada-tecnica-acrilico-medidas-27-x-34-cms-ano-2023\/","title":{"rendered":"\u00ab\u00a0Clair de lune\u00a0\u00bb. Technique\u00a0: acrylique. Dimensions\u00a0: 27 x 34\u00a0cm. Ann\u00e9e\u00a0: 2023."},"content":{"rendered":"<p>Transformez votre espace avec \u00ab\u00a0Lunada\u00a0\u00bb, une \u0153uvre acrylique de Siller Obreg\u00f3n. Achetez cette pi\u00e8ce exclusive et donnez vie \u00e0 votre d\u00e9coration d\u00e8s aujourd&#039;hui\u00a0!<\/p>","protected":false},"excerpt":{"rendered":"<p>Transformez votre espace avec \u00ab\u00a0Lunada\u00a0\u00bb, une \u0153uvre acrylique de Siller Obreg\u00f3n. Achetez cette pi\u00e8ce exclusive et donnez vie \u00e0 votre d\u00e9coration d\u00e8s aujourd&#039;hui\u00a0!<\/p>","protected":false},"featured_media":640,"comment_status":"closed","ping_status":"closed","template":"","meta":[],"product_brand":[],"product_cat":[24,26],"product_tag":[],"class_list":{"0":"post-272","1":"product","2":"type-product","3":"status-publish","4":"has-post-thumbnail","6":"product_cat-arte-abstracto","7":"product_cat-arte-acrilico","9":"first","10":"instock","11":"purchasable","12":"product-type-simple"},"_links":{"self":[{"href":"https:\/\/sillerobregon.art\/fr\/wp-json\/wp\/v2\/product\/272","targetHints":{"allow":["GET"]}}],"collection":[{"href":"https:\/\/sillerobregon.art\/fr\/wp-json\/wp\/v2\/product"}],"about":[{"href":"https:\/\/sillerobregon.art\/fr\/wp-json\/wp\/v2\/types\/product"}],"replies":[{"embeddable":true,"href":"https:\/\/sillerobregon.art\/fr\/wp-json\/wp\/v2\/comments?post=272"}],"wp:featuredmedia":[{"embeddable":true,"href":"https:\/\/sillerobregon.art\/fr\/wp-json\/wp\/v2\/media\/640"}],"wp:attachment":[{"href":"https:\/\/sillerobregon.art\/fr\/wp-json\/wp\/v2\/media?parent=272"}],"wp:term":[{"taxonomy":"product_brand","embeddable":true,"href":"https:\/\/sillerobregon.art\/fr\/wp-json\/wp\/v2\/product_brand?post=272"},{"taxonomy":"product_cat","embeddable":true,"href":"https:\/\/sillerobregon.art\/fr\/wp-json\/wp\/v2\/product_cat?post=272"},{"taxonomy":"product_tag","embeddable":true,"href":"https:\/\/sillerobregon.art\/fr\/wp-json\/wp\/v2\/product_tag?post=272"}],"curies":[{"name":"wp","href":"https:\/\/api.w.org\/{rel}","templated":true}]}}