{"id":274,"date":"2025-02-10T05:32:58","date_gmt":"2025-02-10T05:32:58","guid":{"rendered":"https:\/\/sillerobregon.art\/?product=morfologica-tecnica-acrilico-medidas-27-x-34-cms-ano-2023"},"modified":"2025-11-17T22:26:19","modified_gmt":"2025-11-18T04:26:19","slug":"morfologica-tecnica-acrilico-medidas-27-x-34-cms-ano-2023","status":"publish","type":"product","link":"https:\/\/sillerobregon.art\/fr\/product\/morfologica-tecnica-acrilico-medidas-27-x-34-cms-ano-2023\/","title":{"rendered":"\u00ab Morphologique \u00bb. Technique : \u00ab Acrylique \u00bb. Dimensions : 27 x 34 cm. Ann\u00e9e : 2023."},"content":{"rendered":"<p>Achetez \u00ab\u00a0Morphologica\u00a0\u00bb, une \u0153uvre acrylique unique de 2023. Ajoutez de la couleur et de la sophistication \u00e0 votre int\u00e9rieur. Commandez d\u00e8s maintenant et transformez votre espace\u00a0!<\/p>","protected":false},"excerpt":{"rendered":"<p>Achetez \u00ab\u00a0Morphologica\u00a0\u00bb, une \u0153uvre acrylique unique de 2023. Ajoutez de la couleur et de la sophistication \u00e0 votre int\u00e9rieur. Commandez d\u00e8s maintenant et transformez votre espace\u00a0!<\/p>","protected":false},"featured_media":642,"comment_status":"closed","ping_status":"closed","template":"","meta":[],"product_brand":[],"product_cat":[24,23],"product_tag":[],"class_list":{"0":"post-274","1":"product","2":"type-product","3":"status-publish","4":"has-post-thumbnail","6":"product_cat-arte-abstracto","7":"product_cat-arte-oleo","9":"first","10":"instock","11":"purchasable","12":"product-type-simple"},"_links":{"self":[{"href":"https:\/\/sillerobregon.art\/fr\/wp-json\/wp\/v2\/product\/274","targetHints":{"allow":["GET"]}}],"collection":[{"href":"https:\/\/sillerobregon.art\/fr\/wp-json\/wp\/v2\/product"}],"about":[{"href":"https:\/\/sillerobregon.art\/fr\/wp-json\/wp\/v2\/types\/product"}],"replies":[{"embeddable":true,"href":"https:\/\/sillerobregon.art\/fr\/wp-json\/wp\/v2\/comments?post=274"}],"wp:featuredmedia":[{"embeddable":true,"href":"https:\/\/sillerobregon.art\/fr\/wp-json\/wp\/v2\/media\/642"}],"wp:attachment":[{"href":"https:\/\/sillerobregon.art\/fr\/wp-json\/wp\/v2\/media?parent=274"}],"wp:term":[{"taxonomy":"product_brand","embeddable":true,"href":"https:\/\/sillerobregon.art\/fr\/wp-json\/wp\/v2\/product_brand?post=274"},{"taxonomy":"product_cat","embeddable":true,"href":"https:\/\/sillerobregon.art\/fr\/wp-json\/wp\/v2\/product_cat?post=274"},{"taxonomy":"product_tag","embeddable":true,"href":"https:\/\/sillerobregon.art\/fr\/wp-json\/wp\/v2\/product_tag?post=274"}],"curies":[{"name":"wp","href":"https:\/\/api.w.org\/{rel}","templated":true}]}}