{"id":275,"date":"2025-02-10T05:32:58","date_gmt":"2025-02-10T05:32:58","guid":{"rendered":"https:\/\/sillerobregon.art\/?product=alegria-oleo-loneta-medidas-30-x-20-ano-2024"},"modified":"2025-11-17T22:27:16","modified_gmt":"2025-11-18T04:27:16","slug":"alegria-oleo-loneta-medidas-30-x-20-ano-2024","status":"publish","type":"product","link":"https:\/\/sillerobregon.art\/fr\/product\/alegria-oleo-loneta-medidas-30-x-20-ano-2024\/","title":{"rendered":"&quot;Bonheur&quot;. Huile \/ Toile. Dimensions : 30 x 20. Ann\u00e9e : 2024."},"content":{"rendered":"<p>D\u00e9couvrez \u00ab Alegr\u00eda \u00bb, une peinture \u00e0 l&#039;huile abstraite sur toile. Ajoutez de la couleur et de la sophistication \u00e0 votre maison. Faites-en le v\u00f4tre et transformez votre espace artistique !<\/p>","protected":false},"excerpt":{"rendered":"<p>D\u00e9couvrez \u00ab Alegr\u00eda \u00bb, une peinture \u00e0 l&#039;huile abstraite sur toile. Ajoutez de la couleur et de la sophistication \u00e0 votre maison. Faites-en le v\u00f4tre et transformez votre espace artistique !<\/p>","protected":false},"featured_media":643,"comment_status":"closed","ping_status":"closed","template":"","meta":[],"product_brand":[],"product_cat":[24,23],"product_tag":[],"class_list":{"0":"post-275","1":"product","2":"type-product","3":"status-publish","4":"has-post-thumbnail","6":"product_cat-arte-abstracto","7":"product_cat-arte-oleo","9":"first","10":"instock","11":"purchasable","12":"product-type-simple"},"_links":{"self":[{"href":"https:\/\/sillerobregon.art\/fr\/wp-json\/wp\/v2\/product\/275","targetHints":{"allow":["GET"]}}],"collection":[{"href":"https:\/\/sillerobregon.art\/fr\/wp-json\/wp\/v2\/product"}],"about":[{"href":"https:\/\/sillerobregon.art\/fr\/wp-json\/wp\/v2\/types\/product"}],"replies":[{"embeddable":true,"href":"https:\/\/sillerobregon.art\/fr\/wp-json\/wp\/v2\/comments?post=275"}],"wp:featuredmedia":[{"embeddable":true,"href":"https:\/\/sillerobregon.art\/fr\/wp-json\/wp\/v2\/media\/643"}],"wp:attachment":[{"href":"https:\/\/sillerobregon.art\/fr\/wp-json\/wp\/v2\/media?parent=275"}],"wp:term":[{"taxonomy":"product_brand","embeddable":true,"href":"https:\/\/sillerobregon.art\/fr\/wp-json\/wp\/v2\/product_brand?post=275"},{"taxonomy":"product_cat","embeddable":true,"href":"https:\/\/sillerobregon.art\/fr\/wp-json\/wp\/v2\/product_cat?post=275"},{"taxonomy":"product_tag","embeddable":true,"href":"https:\/\/sillerobregon.art\/fr\/wp-json\/wp\/v2\/product_tag?post=275"}],"curies":[{"name":"wp","href":"https:\/\/api.w.org\/{rel}","templated":true}]}}