{"id":279,"date":"2025-02-10T05:32:58","date_gmt":"2025-02-10T05:32:58","guid":{"rendered":"https:\/\/sillerobregon.art\/?product=allegretto-numero-3-oleo-loneta-medidas-20-x-25-cms-ano-2024"},"modified":"2025-11-17T22:31:16","modified_gmt":"2025-11-18T04:31:16","slug":"allegretto-numero-3-oleo-loneta-medidas-20-x-25-cms-ano-2024","status":"publish","type":"product","link":"https:\/\/sillerobregon.art\/fr\/product\/allegretto-numero-3-oleo-loneta-medidas-20-x-25-cms-ano-2024\/","title":{"rendered":"\u00ab Allegretto num\u00e9ro 3 \u00bb. Huile \/ Toile. Dimensions : 20 x 25 cm. Ann\u00e9e : 2024."},"content":{"rendered":"<p>D\u00e9couvrez &quot;Allegretto N\u00b03&quot;, une oeuvre unique mesurant 25 x 20 cm. Ajoutez de l\u2019art et de la couleur \u00e0 votre maison. Ajoutez-le \u00e0 votre collection d\u00e8s aujourd&#039;hui\u00a0!<\/p>","protected":false},"excerpt":{"rendered":"<p>D\u00e9couvrez &quot;Allegretto N\u00b03&quot;, une oeuvre unique mesurant 25 x 20 cm. Ajoutez de l\u2019art et de la couleur \u00e0 votre maison. Ajoutez-le \u00e0 votre collection d\u00e8s aujourd&#039;hui\u00a0!<\/p>","protected":false},"featured_media":647,"comment_status":"closed","ping_status":"open","template":"","meta":[],"product_brand":[],"product_cat":[24,23],"product_tag":[],"class_list":{"0":"post-279","1":"product","2":"type-product","3":"status-publish","4":"has-post-thumbnail","6":"product_cat-arte-abstracto","7":"product_cat-arte-oleo","9":"first","10":"instock","11":"purchasable","12":"product-type-simple"},"_links":{"self":[{"href":"https:\/\/sillerobregon.art\/fr\/wp-json\/wp\/v2\/product\/279","targetHints":{"allow":["GET"]}}],"collection":[{"href":"https:\/\/sillerobregon.art\/fr\/wp-json\/wp\/v2\/product"}],"about":[{"href":"https:\/\/sillerobregon.art\/fr\/wp-json\/wp\/v2\/types\/product"}],"replies":[{"embeddable":true,"href":"https:\/\/sillerobregon.art\/fr\/wp-json\/wp\/v2\/comments?post=279"}],"wp:featuredmedia":[{"embeddable":true,"href":"https:\/\/sillerobregon.art\/fr\/wp-json\/wp\/v2\/media\/647"}],"wp:attachment":[{"href":"https:\/\/sillerobregon.art\/fr\/wp-json\/wp\/v2\/media?parent=279"}],"wp:term":[{"taxonomy":"product_brand","embeddable":true,"href":"https:\/\/sillerobregon.art\/fr\/wp-json\/wp\/v2\/product_brand?post=279"},{"taxonomy":"product_cat","embeddable":true,"href":"https:\/\/sillerobregon.art\/fr\/wp-json\/wp\/v2\/product_cat?post=279"},{"taxonomy":"product_tag","embeddable":true,"href":"https:\/\/sillerobregon.art\/fr\/wp-json\/wp\/v2\/product_tag?post=279"}],"curies":[{"name":"wp","href":"https:\/\/api.w.org\/{rel}","templated":true}]}}