{"id":282,"date":"2025-02-10T05:33:07","date_gmt":"2025-02-10T05:33:07","guid":{"rendered":"https:\/\/sillerobregon.art\/?product=allegro-numero-11-tecnica-oleo-carton-medidas-20-x-25-cm-ano-2024"},"modified":"2025-11-17T20:16:31","modified_gmt":"2025-11-18T02:16:31","slug":"allegro-numero-11-tecnica-oleo-carton-medidas-20-x-25-cm-ano-2024","status":"publish","type":"product","link":"https:\/\/sillerobregon.art\/fr\/product\/allegro-numero-11-tecnica-oleo-carton-medidas-20-x-25-cm-ano-2024\/","title":{"rendered":"\u00ab Allegro Num\u00e9ro 11 \u00bb Technique : Huile \/ Carton \u00bb Dimensions : 20 x 25 cm. Ann\u00e9e : 2024."},"content":{"rendered":"<p>D\u00e9couvrez \u00ab\u00a0Allegro Num\u00e9ro 11\u00a0\u00bb, une \u0153uvre vibrante de 20\u00a0x\u00a025\u00a0cm. Apportez de la joie et de la couleur \u00e0 votre int\u00e9rieur. Achetez-la d\u00e8s maintenant et transformez votre int\u00e9rieur\u00a0!<\/p>","protected":false},"excerpt":{"rendered":"<p>D\u00e9couvrez \u00ab\u00a0Allegro Num\u00e9ro 11\u00a0\u00bb, une \u0153uvre vibrante de 20\u00a0x\u00a025\u00a0cm. Apportez de la joie et de la couleur \u00e0 votre int\u00e9rieur. Achetez-la d\u00e8s maintenant et transformez votre int\u00e9rieur\u00a0!<\/p>","protected":false},"featured_media":623,"comment_status":"closed","ping_status":"open","template":"","meta":[],"product_brand":[],"product_cat":[24,23],"product_tag":[],"class_list":{"0":"post-282","1":"product","2":"type-product","3":"status-publish","4":"has-post-thumbnail","6":"product_cat-arte-abstracto","7":"product_cat-arte-oleo","9":"first","10":"instock","11":"purchasable","12":"product-type-simple"},"_links":{"self":[{"href":"https:\/\/sillerobregon.art\/fr\/wp-json\/wp\/v2\/product\/282","targetHints":{"allow":["GET"]}}],"collection":[{"href":"https:\/\/sillerobregon.art\/fr\/wp-json\/wp\/v2\/product"}],"about":[{"href":"https:\/\/sillerobregon.art\/fr\/wp-json\/wp\/v2\/types\/product"}],"replies":[{"embeddable":true,"href":"https:\/\/sillerobregon.art\/fr\/wp-json\/wp\/v2\/comments?post=282"}],"wp:featuredmedia":[{"embeddable":true,"href":"https:\/\/sillerobregon.art\/fr\/wp-json\/wp\/v2\/media\/623"}],"wp:attachment":[{"href":"https:\/\/sillerobregon.art\/fr\/wp-json\/wp\/v2\/media?parent=282"}],"wp:term":[{"taxonomy":"product_brand","embeddable":true,"href":"https:\/\/sillerobregon.art\/fr\/wp-json\/wp\/v2\/product_brand?post=282"},{"taxonomy":"product_cat","embeddable":true,"href":"https:\/\/sillerobregon.art\/fr\/wp-json\/wp\/v2\/product_cat?post=282"},{"taxonomy":"product_tag","embeddable":true,"href":"https:\/\/sillerobregon.art\/fr\/wp-json\/wp\/v2\/product_tag?post=282"}],"curies":[{"name":"wp","href":"https:\/\/api.w.org\/{rel}","templated":true}]}}